{"id":18,"date":"2024-08-14T15:02:38","date_gmt":"2024-08-14T12:02:38","guid":{"rendered":"https:\/\/www.optivenue.com\/?page_id=18"},"modified":"2025-12-17T17:46:49","modified_gmt":"2025-12-17T14:46:49","slug":"hakkimizda","status":"publish","type":"page","link":"https:\/\/www.optivenue.com\/en\/hakkimizda\/","title":{"rendered":"About Us"},"content":{"rendered":"<div data-elementor-type=\"wp-page\" data-elementor-id=\"18\" class=\"elementor elementor-18\" data-elementor-post-type=\"page\">\n\t\t\t\t<div class=\"elementor-element elementor-element-27c5b74 e-flex e-con-boxed e-con e-parent\" data-id=\"27c5b74\" data-element_type=\"container\" data-e-type=\"container\" data-settings=\"{&quot;background_background&quot;:&quot;classic&quot;}\">\n\t\t\t\t\t<div class=\"e-con-inner\">\n\t\t\t\t<div class=\"elementor-element elementor-element-6293846 elementor-widget elementor-widget-breadcrumbs\" data-id=\"6293846\" data-element_type=\"widget\" data-e-type=\"widget\" data-widget_type=\"breadcrumbs.default\">\n\t\t\t\t<div class=\"elementor-widget-container\">\n\t\t\t\t\t<p id=\"breadcrumbs\"><span><span><a href=\"https:\/\/www.optivenue.com\/en\/\">Optivenue<\/a><\/span><\/span><\/p>\t\t\t\t<\/div>\n\t\t\t\t<\/div>\n\t\t\t\t\t<\/div>\n\t\t\t\t<\/div>\n\t\t<div class=\"elementor-element elementor-element-77ea322 e-flex e-con-boxed e-con e-parent\" data-id=\"77ea322\" data-element_type=\"container\" data-e-type=\"container\">\n\t\t\t\t\t<div class=\"e-con-inner\">\n\t\t<div class=\"elementor-element elementor-element-5b1309d e-con-full e-flex e-con e-child\" data-id=\"5b1309d\" data-element_type=\"container\" data-e-type=\"container\" data-settings=\"{&quot;background_background&quot;:&quot;classic&quot;}\">\n\t\t<div class=\"elementor-element elementor-element-62b5a20 e-flex e-con-boxed e-con e-child\" data-id=\"62b5a20\" data-element_type=\"container\" data-e-type=\"container\">\n\t\t\t\t\t<div class=\"e-con-inner\">\n\t\t\t\t<div class=\"elementor-element elementor-element-eb60df9 elementor-widget elementor-widget-heading\" data-id=\"eb60df9\" data-element_type=\"widget\" data-e-type=\"widget\" data-widget_type=\"heading.default\">\n\t\t\t\t<div class=\"elementor-widget-container\">\n\t\t\t\t\t<h1 class=\"elementor-heading-title elementor-size-default\">Optivenue<\/h1>\t\t\t\t<\/div>\n\t\t\t\t<\/div>\n\t\t\t\t<div class=\"elementor-element elementor-element-7f8442d elementor-widget elementor-widget-text-editor\" data-id=\"7f8442d\" data-element_type=\"widget\" data-e-type=\"widget\" data-widget_type=\"text-editor.default\">\n\t\t\t\t<div class=\"elementor-widget-container\">\n\t\t\t\t\t\t\t\t\t<p>Optivenue, bir performans pazarlama ajans\u0131d\u0131r, ancak onu di\u011ferlerinden ay\u0131ran \u00f6nemli bir \u00f6zelli\u011fi vard\u0131r: Veriye dayal\u0131 bir yakla\u015f\u0131m benimser ve m\u00fc\u015fterinin yolculu\u011funu ba\u015far\u0131 ve ba\u015far\u0131s\u0131zl\u0131klar\u0131n tam bir deneyimine d\u00f6n\u00fc\u015ft\u00fcr\u00fcr. Bu, yaln\u0131zca bir ajans olman\u0131n \u00f6tesinde, bir yol arkada\u015f\u0131 olmam\u0131z\u0131 sa\u011flar. Ayr\u0131ca, y\u0131llar\u0131n verdi\u011fi bilgi birikimi ve tecr\u00fcbeyle desteklenen kapsaml\u0131 bir hizmet sunmaktay\u0131z.<\/p>\t\t\t\t\t\t\t\t<\/div>\n\t\t\t\t<\/div>\n\t\t\t\t\t<\/div>\n\t\t\t\t<\/div>\n\t\t\t\t<\/div>\n\t\t\t\t\t<\/div>\n\t\t\t\t<\/div>\n\t\t<div class=\"elementor-element elementor-element-e213bb6 e-flex e-con-boxed e-con e-parent\" data-id=\"e213bb6\" data-element_type=\"container\" data-e-type=\"container\">\n\t\t\t\t\t<div class=\"e-con-inner\">\n\t\t<div class=\"elementor-element elementor-element-bcfe0e1 e-con-full e-flex e-con e-child\" data-id=\"bcfe0e1\" data-element_type=\"container\" data-e-type=\"container\" data-settings=\"{&quot;background_background&quot;:&quot;classic&quot;}\">\n\t\t<div class=\"elementor-element elementor-element-9e35d4a e-con-full e-flex e-con e-child\" data-id=\"9e35d4a\" data-element_type=\"container\" data-e-type=\"container\">\n\t\t<div class=\"elementor-element elementor-element-d7682b5 e-con-full e-flex e-con e-child\" data-id=\"d7682b5\" data-element_type=\"container\" data-e-type=\"container\">\n\t\t\t\t<div class=\"elementor-element elementor-element-29bcc4c elementor-widget elementor-widget-counter\" data-id=\"29bcc4c\" data-element_type=\"widget\" data-e-type=\"widget\" data-widget_type=\"counter.default\">\n\t\t\t\t<div class=\"elementor-widget-container\">\n\t\t\t\t\t\t\t<div class=\"elementor-counter\">\n\t\t\t<div class=\"elementor-counter-title\">YEAR SECTOR EXPERIENCE<\/div>\t\t\t<div class=\"elementor-counter-number-wrapper\">\n\t\t\t\t<span class=\"elementor-counter-number-prefix\"><\/span>\n\t\t\t\t<span class=\"elementor-counter-number\" data-duration=\"2000\" data-to-value=\"10\" data-from-value=\"0\" data-delimiter=\",\">0<\/span>\n\t\t\t\t<span class=\"elementor-counter-number-suffix\">+<\/span>\n\t\t\t<\/div>\n\t\t<\/div>\n\t\t\t\t\t\t<\/div>\n\t\t\t\t<\/div>\n\t\t\t\t<\/div>\n\t\t<div class=\"elementor-element elementor-element-e09c403 e-con-full e-flex e-con e-child\" data-id=\"e09c403\" data-element_type=\"container\" data-e-type=\"container\">\n\t\t\t\t<div class=\"elementor-element elementor-element-f6bfb27 elementor-widget elementor-widget-counter\" data-id=\"f6bfb27\" data-element_type=\"widget\" data-e-type=\"widget\" data-widget_type=\"counter.default\">\n\t\t\t\t<div class=\"elementor-widget-container\">\n\t\t\t\t\t\t\t<div class=\"elementor-counter\">\n\t\t\t<div class=\"elementor-counter-title\">ADVERTISING BUDGET MANAGEMENT<\/div>\t\t\t<div class=\"elementor-counter-number-wrapper\">\n\t\t\t\t<span class=\"elementor-counter-number-prefix\"><\/span>\n\t\t\t\t<span class=\"elementor-counter-number\" data-duration=\"2000\" data-to-value=\"30\" data-from-value=\"0\" data-delimiter=\",\">0<\/span>\n\t\t\t\t<span class=\"elementor-counter-number-suffix\">M+<\/span>\n\t\t\t<\/div>\n\t\t<\/div>\n\t\t\t\t\t\t<\/div>\n\t\t\t\t<\/div>\n\t\t\t\t<\/div>\n\t\t<div class=\"elementor-element elementor-element-0b0c163 e-con-full e-flex e-con e-child\" data-id=\"0b0c163\" data-element_type=\"container\" data-e-type=\"container\">\n\t\t\t\t<div class=\"elementor-element elementor-element-a0225eb elementor-widget elementor-widget-counter\" data-id=\"a0225eb\" data-element_type=\"widget\" data-e-type=\"widget\" data-widget_type=\"counter.default\">\n\t\t\t\t<div class=\"elementor-widget-container\">\n\t\t\t\t\t\t\t<div class=\"elementor-counter\">\n\t\t\t<div class=\"elementor-counter-title\">COMPLETED PROJECT<\/div>\t\t\t<div class=\"elementor-counter-number-wrapper\">\n\t\t\t\t<span class=\"elementor-counter-number-prefix\"><\/span>\n\t\t\t\t<span class=\"elementor-counter-number\" data-duration=\"2000\" data-to-value=\"20\" data-from-value=\"0\" data-delimiter=\",\">0<\/span>\n\t\t\t\t<span class=\"elementor-counter-number-suffix\">+<\/span>\n\t\t\t<\/div>\n\t\t<\/div>\n\t\t\t\t\t\t<\/div>\n\t\t\t\t<\/div>\n\t\t\t\t<\/div>\n\t\t<div class=\"elementor-element elementor-element-4f8b6f9 e-con-full e-flex e-con e-child\" data-id=\"4f8b6f9\" data-element_type=\"container\" data-e-type=\"container\">\n\t\t\t\t<div class=\"elementor-element elementor-element-09d31fc elementor-widget elementor-widget-counter\" data-id=\"09d31fc\" data-element_type=\"widget\" data-e-type=\"widget\" data-widget_type=\"counter.default\">\n\t\t\t\t<div class=\"elementor-widget-container\">\n\t\t\t\t\t\t\t<div class=\"elementor-counter\">\n\t\t\t<div class=\"elementor-counter-title\">FRIENDLY CUSTOMER<\/div>\t\t\t<div class=\"elementor-counter-number-wrapper\">\n\t\t\t\t<span class=\"elementor-counter-number-prefix\"><\/span>\n\t\t\t\t<span class=\"elementor-counter-number\" data-duration=\"2000\" data-to-value=\"50\" data-from-value=\"0\" data-delimiter=\",\">0<\/span>\n\t\t\t\t<span class=\"elementor-counter-number-suffix\">+<\/span>\n\t\t\t<\/div>\n\t\t<\/div>\n\t\t\t\t\t\t<\/div>\n\t\t\t\t<\/div>\n\t\t\t\t<\/div>\n\t\t\t\t<\/div>\n\t\t\t\t<div class=\"elementor-element elementor-element-3278ad5 elementor-widget elementor-widget-text-editor\" data-id=\"3278ad5\" data-element_type=\"widget\" data-e-type=\"widget\" data-widget_type=\"text-editor.default\">\n\t\t\t\t<div class=\"elementor-widget-container\">\n\t\t\t\t\t\t\t\t\t<p>Bizim hikayemiz, geni\u015f \u00e7apta bir deneyime sahip olmu\u015f, her biri kendi alan\u0131nda uzman bir ekip taraf\u0131ndan, sistemdeki eksiklikleri giderme hedefiyle kurulmu\u015f bir ajans\u0131n hikayesidir. Bu amaca y\u00f6nelik birlikte \u00e7al\u0131\u015f\u0131yoruz ve bu durum, markalar\u0131n b\u00fcy\u00fct\u00fclmesi, geni\u015fletilmesi ve pazar pay\u0131n\u0131n art\u0131r\u0131lmas\u0131 konusundaki hedeflerimize do\u011frudan katk\u0131 sa\u011fl\u0131yor.<\/p><p>Markalar\u0131n\u0131z\u0131n b\u00fcy\u00fcmesi, geni\u015flemesi ya da ba\u015far\u0131s\u0131n\u0131n bir par\u00e7as\u0131 olmaktan gurur duyuyoruz. Bu s\u00fcre\u00e7te, markalar\u0131n\u0131z\u0131 anlamaya ve onlar\u0131 ayn\u0131 hassasiyet ve \u00f6nemle ele almaya \u00f6zen g\u00f6steriyoruz. Ayn\u0131 zamanda, yolculu\u011funuzda bizimle oldu\u011funuz her ad\u0131mda bilgi birikimimiz ve tecr\u00fcbemizle sizlere destek oluyoruz.<\/p><p>Dijital pazarlama s\u00fcre\u00e7lerinizi y\u00f6netirken, ihtiyac\u0131n\u0131z olan t\u00fcm enstr\u00fcmanlar\u0131 en verimli \u015fekilde kullanarak, hedeflerinize ula\u015fman\u0131z\u0131 sa\u011flamak i\u00e7in b\u00fct\u00fcnc\u00fcl bir yakla\u015f\u0131m benimsiyoruz. \u0130\u015fte bu, Optivenue ajans\u0131n\u0131n de\u011ferini ve fark\u0131n\u0131 belirleyen temel unsurlardan biridir.<\/p><p>Sonu\u00e7 olarak, Optivenue olarak, deneyimlerinizi, hedeflerinizi ve ba\u015far\u0131lar\u0131n\u0131z\u0131 de\u011ferli bir yolculu\u011fa d\u00f6n\u00fc\u015ft\u00fcrme amac\u0131nday\u0131z. Amac\u0131m\u0131z, markan\u0131z\u0131n b\u00fcy\u00fcmesine ve ba\u015far\u0131s\u0131na de\u011ferli katk\u0131lar sa\u011flamakt\u0131r. M\u00fc\u015fterilerimizin deneyimlerini, ba\u015far\u0131lar\u0131n\u0131 ve hedeflerini her zaman \u00f6nemsiyoruz ve bu sayede onlar\u0131 daha y\u00fcksek ba\u015far\u0131lara ula\u015ft\u0131rmak i\u00e7in \u00e7al\u0131\u015f\u0131yoruz.<\/p>\t\t\t\t\t\t\t\t<\/div>\n\t\t\t\t<\/div>\n\t\t\t\t<\/div>\n\t\t\t\t\t<\/div>\n\t\t\t\t<\/div>\n\t\t<div class=\"elementor-element elementor-element-442e575 e-flex e-con-boxed e-con e-parent\" data-id=\"442e575\" data-element_type=\"container\" data-e-type=\"container\">\n\t\t\t\t\t<div class=\"e-con-inner\">\n\t\t<div class=\"elementor-element elementor-element-209771e e-con-full e-flex e-con e-child\" data-id=\"209771e\" data-element_type=\"container\" data-e-type=\"container\">\n\t\t\t\t<div class=\"elementor-element elementor-element-151226e elementor-widget elementor-widget-image\" data-id=\"151226e\" data-element_type=\"widget\" data-e-type=\"widget\" data-widget_type=\"image.default\">\n\t\t\t\t<div class=\"elementor-widget-container\">\n\t\t\t\t\t\t\t\t\t\t\t\t\t\t\t<img fetchpriority=\"high\" decoding=\"async\" width=\"661\" height=\"331\" src=\"https:\/\/www.optivenue.com\/wp-content\/uploads\/2024\/08\/avantajlar.svg\" class=\"attachment-large size-large wp-image-231\" alt=\"\" \/>\t\t\t\t\t\t\t\t\t\t\t\t\t\t\t<\/div>\n\t\t\t\t<\/div>\n\t\t<div class=\"elementor-element elementor-element-de1bc5d e-con-full e-transform e-flex elementor-invisible e-con e-child\" data-id=\"de1bc5d\" data-element_type=\"container\" data-e-type=\"container\" data-settings=\"{&quot;position&quot;:&quot;absolute&quot;,&quot;animation&quot;:&quot;bounceIn&quot;,&quot;_transform_scale_effect_hover&quot;:{&quot;unit&quot;:&quot;px&quot;,&quot;size&quot;:1.1,&quot;sizes&quot;:[]},&quot;_transform_scale_effect_hover_tablet&quot;:{&quot;unit&quot;:&quot;px&quot;,&quot;size&quot;:&quot;&quot;,&quot;sizes&quot;:[]},&quot;_transform_scale_effect_hover_mobile&quot;:{&quot;unit&quot;:&quot;px&quot;,&quot;size&quot;:&quot;&quot;,&quot;sizes&quot;:[]}}\">\n\t\t\t\t<div class=\"elementor-element elementor-element-3bd925e elementor-widget elementor-widget-html\" data-id=\"3bd925e\" data-element_type=\"widget\" data-e-type=\"widget\" data-widget_type=\"html.default\">\n\t\t\t\t<div class=\"elementor-widget-container\">\n\t\t\t\t\t<a href=\"https:\/\/www.google.com\/partners\/agency?id=3479495258\" target=\"_blank\">\n    <img decoding=\"async\" src=\"https:\/\/www.gstatic.com\/partners\/badge\/images\/2024\/PartnerBadgeClickable.svg\"\/>\n<\/a>\t\t\t\t<\/div>\n\t\t\t\t<\/div>\n\t\t\t\t<\/div>\n\t\t\t\t<\/div>\n\t\t<div class=\"elementor-element elementor-element-4c30eb5 e-con-full e-flex e-con e-child\" data-id=\"4c30eb5\" data-element_type=\"container\" data-e-type=\"container\">\n\t\t\t\t<div class=\"elementor-element elementor-element-a84ea7b elementor-headline--style-highlight elementor-widget elementor-widget-animated-headline\" data-id=\"a84ea7b\" data-element_type=\"widget\" data-e-type=\"widget\" data-settings=\"{&quot;marker&quot;:&quot;curly&quot;,&quot;highlighted_text&quot;:&quot;Google Partner&quot;,&quot;headline_style&quot;:&quot;highlight&quot;,&quot;loop&quot;:&quot;yes&quot;,&quot;highlight_animation_duration&quot;:1200,&quot;highlight_iteration_delay&quot;:8000}\" data-widget_type=\"animated-headline.default\">\n\t\t\t\t<div class=\"elementor-widget-container\">\n\t\t\t\t\t\t\t<h2 class=\"elementor-headline\">\n\t\t\t\t<span class=\"elementor-headline-dynamic-wrapper elementor-headline-text-wrapper\">\n\t\t\t\t\t<span class=\"elementor-headline-dynamic-text elementor-headline-text-active\">Google Partner<\/span>\n\t\t\t\t<\/span>\n\t\t\t\t\t<span class=\"elementor-headline-plain-text elementor-headline-text-wrapper\"> advantages of working with<\/span>\n\t\t\t\t\t<\/h2>\n\t\t\t\t\t\t<\/div>\n\t\t\t\t<\/div>\n\t\t\t\t<div class=\"elementor-element elementor-element-6794ff0 elementor-widget elementor-widget-text-editor\" data-id=\"6794ff0\" data-element_type=\"widget\" data-e-type=\"widget\" data-widget_type=\"text-editor.default\">\n\t\t\t\t<div class=\"elementor-widget-container\">\n\t\t\t\t\t\t\t\t\t<p>Working with a Google Premier Partner agency makes your business more successful in digital marketing. Optivenue is one of the certified, experienced and trusted agencies specializing in Google's advertising products and services. By working with a Premier Partner agency, you can run your advertising campaigns with better performance, more support, more trust, more choice and more competitive advantages.<\/p>\t\t\t\t\t\t\t\t<\/div>\n\t\t\t\t<\/div>\n\t\t\t\t<\/div>\n\t\t\t\t\t<\/div>\n\t\t\t\t<\/div>\n\t\t\t\t<\/div>","protected":false},"excerpt":{"rendered":"<p>Optivenue Optivenue, bir performans pazarlama ajans\u0131d\u0131r, ancak onu di\u011ferlerinden ay\u0131ran \u00f6nemli bir \u00f6zelli\u011fi vard\u0131r: Veriye dayal\u0131 bir yakla\u015f\u0131m benimser ve m\u00fc\u015fterinin yolculu\u011funu ba\u015far\u0131 ve ba\u015far\u0131s\u0131zl\u0131klar\u0131n tam bir deneyimine d\u00f6n\u00fc\u015ft\u00fcr\u00fcr. Bu, yaln\u0131zca bir ajans olman\u0131n \u00f6tesinde, bir yol arkada\u015f\u0131 olmam\u0131z\u0131 sa\u011flar. Ayr\u0131ca, y\u0131llar\u0131n verdi\u011fi bilgi birikimi ve tecr\u00fcbeyle desteklenen kapsaml\u0131 bir hizmet sunmaktay\u0131z. YIL SEKT\u00d6R DENEY\u0130M\u0130 [&hellip;]<\/p>\n","protected":false},"author":1,"featured_media":0,"parent":0,"menu_order":0,"comment_status":"closed","ping_status":"closed","template":"elementor_header_footer","meta":{"_monsterinsights_skip_tracking":false,"_monsterinsights_sitenote_active":false,"_monsterinsights_sitenote_note":"","_monsterinsights_sitenote_category":0,"footnotes":""},"class_list":["post-18","page","type-page","status-publish","hentry"],"yoast_head":"<!-- This site is optimized with the Yoast SEO plugin v27.3 - https:\/\/yoast.com\/product\/yoast-seo-wordpress\/ -->\n<title>Hakk\u0131m\u0131zda - Optivenue<\/title>\n<meta name=\"robots\" content=\"index, follow, max-snippet:-1, max-image-preview:large, max-video-preview:-1\" \/>\n<link rel=\"canonical\" href=\"https:\/\/www.optivenue.com\/en\/hakkimizda\/\" \/>\n<meta property=\"og:locale\" content=\"en_US\" \/>\n<meta property=\"og:type\" content=\"article\" \/>\n<meta property=\"og:title\" content=\"Hakk\u0131m\u0131zda - Optivenue\" \/>\n<meta property=\"og:description\" content=\"Optivenue Optivenue, bir performans pazarlama ajans\u0131d\u0131r, ancak onu di\u011ferlerinden ay\u0131ran \u00f6nemli bir \u00f6zelli\u011fi vard\u0131r: Veriye dayal\u0131 bir yakla\u015f\u0131m benimser ve m\u00fc\u015fterinin yolculu\u011funu ba\u015far\u0131 ve ba\u015far\u0131s\u0131zl\u0131klar\u0131n tam bir deneyimine d\u00f6n\u00fc\u015ft\u00fcr\u00fcr. Bu, yaln\u0131zca bir ajans olman\u0131n \u00f6tesinde, bir yol arkada\u015f\u0131 olmam\u0131z\u0131 sa\u011flar. Ayr\u0131ca, y\u0131llar\u0131n verdi\u011fi bilgi birikimi ve tecr\u00fcbeyle desteklenen kapsaml\u0131 bir hizmet sunmaktay\u0131z. YIL SEKT\u00d6R DENEY\u0130M\u0130 [&hellip;]\" \/>\n<meta property=\"og:url\" content=\"https:\/\/www.optivenue.com\/en\/hakkimizda\/\" \/>\n<meta property=\"og:site_name\" content=\"Optivenue\" \/>\n<meta property=\"article:modified_time\" content=\"2025-12-17T14:46:49+00:00\" \/>\n<meta property=\"og:image\" content=\"https:\/\/www.optivenue.com\/wp-content\/uploads\/2024\/08\/avantajlar.svg\" \/>\n<meta name=\"twitter:card\" content=\"summary_large_image\" \/>\n<meta name=\"twitter:label1\" content=\"Est. reading time\" \/>\n\t<meta name=\"twitter:data1\" content=\"2 minutes\" \/>\n<script type=\"application\/ld+json\" class=\"yoast-schema-graph\">{\"@context\":\"https:\\\/\\\/schema.org\",\"@graph\":[{\"@type\":\"WebPage\",\"@id\":\"https:\\\/\\\/www.optivenue.com\\\/hakkimizda\\\/\",\"url\":\"https:\\\/\\\/www.optivenue.com\\\/hakkimizda\\\/\",\"name\":\"Hakk\u0131m\u0131zda - Optivenue\",\"isPartOf\":{\"@id\":\"https:\\\/\\\/www.optivenue.com\\\/#website\"},\"primaryImageOfPage\":{\"@id\":\"https:\\\/\\\/www.optivenue.com\\\/hakkimizda\\\/#primaryimage\"},\"image\":{\"@id\":\"https:\\\/\\\/www.optivenue.com\\\/hakkimizda\\\/#primaryimage\"},\"thumbnailUrl\":\"https:\\\/\\\/www.optivenue.com\\\/wp-content\\\/uploads\\\/2024\\\/08\\\/avantajlar.svg\",\"datePublished\":\"2024-08-14T12:02:38+00:00\",\"dateModified\":\"2025-12-17T14:46:49+00:00\",\"breadcrumb\":{\"@id\":\"https:\\\/\\\/www.optivenue.com\\\/hakkimizda\\\/#breadcrumb\"},\"inLanguage\":\"en-US\",\"potentialAction\":[{\"@type\":\"ReadAction\",\"target\":[\"https:\\\/\\\/www.optivenue.com\\\/hakkimizda\\\/\"]}]},{\"@type\":\"ImageObject\",\"inLanguage\":\"en-US\",\"@id\":\"https:\\\/\\\/www.optivenue.com\\\/hakkimizda\\\/#primaryimage\",\"url\":\"https:\\\/\\\/www.optivenue.com\\\/wp-content\\\/uploads\\\/2024\\\/08\\\/avantajlar.svg\",\"contentUrl\":\"https:\\\/\\\/www.optivenue.com\\\/wp-content\\\/uploads\\\/2024\\\/08\\\/avantajlar.svg\"},{\"@type\":\"BreadcrumbList\",\"@id\":\"https:\\\/\\\/www.optivenue.com\\\/hakkimizda\\\/#breadcrumb\",\"itemListElement\":[{\"@type\":\"ListItem\",\"position\":1,\"name\":\"Optivenue\",\"item\":\"https:\\\/\\\/www.optivenue.com\\\/\"},{\"@type\":\"ListItem\",\"position\":2,\"name\":\"Hakk\u0131m\u0131zda\"}]},{\"@type\":\"WebSite\",\"@id\":\"https:\\\/\\\/www.optivenue.com\\\/#website\",\"url\":\"https:\\\/\\\/www.optivenue.com\\\/\",\"name\":\"Optivenue - Dijital Performans Ajans\u0131\",\"description\":\"Dijital Performans Ajans\u0131\",\"publisher\":{\"@id\":\"https:\\\/\\\/www.optivenue.com\\\/#organization\"},\"potentialAction\":[{\"@type\":\"SearchAction\",\"target\":{\"@type\":\"EntryPoint\",\"urlTemplate\":\"https:\\\/\\\/www.optivenue.com\\\/?s={search_term_string}\"},\"query-input\":{\"@type\":\"PropertyValueSpecification\",\"valueRequired\":true,\"valueName\":\"search_term_string\"}}],\"inLanguage\":\"en-US\"},{\"@type\":\"Organization\",\"@id\":\"https:\\\/\\\/www.optivenue.com\\\/#organization\",\"name\":\"Optivenue - Dijital Performans Ajans\u0131\",\"url\":\"https:\\\/\\\/www.optivenue.com\\\/\",\"logo\":{\"@type\":\"ImageObject\",\"inLanguage\":\"en-US\",\"@id\":\"https:\\\/\\\/www.optivenue.com\\\/#\\\/schema\\\/logo\\\/image\\\/\",\"url\":\"https:\\\/\\\/www.optivenue.com\\\/wp-content\\\/uploads\\\/2024\\\/08\\\/optivenue-logo.svg\",\"contentUrl\":\"https:\\\/\\\/www.optivenue.com\\\/wp-content\\\/uploads\\\/2024\\\/08\\\/optivenue-logo.svg\",\"width\":183,\"height\":35,\"caption\":\"Optivenue - Dijital Performans Ajans\u0131\"},\"image\":{\"@id\":\"https:\\\/\\\/www.optivenue.com\\\/#\\\/schema\\\/logo\\\/image\\\/\"},\"sameAs\":[\"https:\\\/\\\/www.linkedin.com\\\/company\\\/optivenue\\\/\",\"https:\\\/\\\/www.instagram.com\\\/optivenue\\\/\"]}]}<\/script>\n<!-- \/ Yoast SEO plugin. -->","yoast_head_json":{"title":"Hakk\u0131m\u0131zda - Optivenue","robots":{"index":"index","follow":"follow","max-snippet":"max-snippet:-1","max-image-preview":"max-image-preview:large","max-video-preview":"max-video-preview:-1"},"canonical":"https:\/\/www.optivenue.com\/en\/hakkimizda\/","og_locale":"en_US","og_type":"article","og_title":"Hakk\u0131m\u0131zda - Optivenue","og_description":"Optivenue Optivenue, bir performans pazarlama ajans\u0131d\u0131r, ancak onu di\u011ferlerinden ay\u0131ran \u00f6nemli bir \u00f6zelli\u011fi vard\u0131r: Veriye dayal\u0131 bir yakla\u015f\u0131m benimser ve m\u00fc\u015fterinin yolculu\u011funu ba\u015far\u0131 ve ba\u015far\u0131s\u0131zl\u0131klar\u0131n tam bir deneyimine d\u00f6n\u00fc\u015ft\u00fcr\u00fcr. Bu, yaln\u0131zca bir ajans olman\u0131n \u00f6tesinde, bir yol arkada\u015f\u0131 olmam\u0131z\u0131 sa\u011flar. Ayr\u0131ca, y\u0131llar\u0131n verdi\u011fi bilgi birikimi ve tecr\u00fcbeyle desteklenen kapsaml\u0131 bir hizmet sunmaktay\u0131z. YIL SEKT\u00d6R DENEY\u0130M\u0130 [&hellip;]","og_url":"https:\/\/www.optivenue.com\/en\/hakkimizda\/","og_site_name":"Optivenue","article_modified_time":"2025-12-17T14:46:49+00:00","og_image":[{"url":"https:\/\/www.optivenue.com\/wp-content\/uploads\/2024\/08\/avantajlar.svg","type":"","width":"","height":""}],"twitter_card":"summary_large_image","twitter_misc":{"Est. reading time":"2 minutes"},"schema":{"@context":"https:\/\/schema.org","@graph":[{"@type":"WebPage","@id":"https:\/\/www.optivenue.com\/hakkimizda\/","url":"https:\/\/www.optivenue.com\/hakkimizda\/","name":"Hakk\u0131m\u0131zda - Optivenue","isPartOf":{"@id":"https:\/\/www.optivenue.com\/#website"},"primaryImageOfPage":{"@id":"https:\/\/www.optivenue.com\/hakkimizda\/#primaryimage"},"image":{"@id":"https:\/\/www.optivenue.com\/hakkimizda\/#primaryimage"},"thumbnailUrl":"https:\/\/www.optivenue.com\/wp-content\/uploads\/2024\/08\/avantajlar.svg","datePublished":"2024-08-14T12:02:38+00:00","dateModified":"2025-12-17T14:46:49+00:00","breadcrumb":{"@id":"https:\/\/www.optivenue.com\/hakkimizda\/#breadcrumb"},"inLanguage":"en-US","potentialAction":[{"@type":"ReadAction","target":["https:\/\/www.optivenue.com\/hakkimizda\/"]}]},{"@type":"ImageObject","inLanguage":"en-US","@id":"https:\/\/www.optivenue.com\/hakkimizda\/#primaryimage","url":"https:\/\/www.optivenue.com\/wp-content\/uploads\/2024\/08\/avantajlar.svg","contentUrl":"https:\/\/www.optivenue.com\/wp-content\/uploads\/2024\/08\/avantajlar.svg"},{"@type":"BreadcrumbList","@id":"https:\/\/www.optivenue.com\/hakkimizda\/#breadcrumb","itemListElement":[{"@type":"ListItem","position":1,"name":"Optivenue","item":"https:\/\/www.optivenue.com\/"},{"@type":"ListItem","position":2,"name":"Hakk\u0131m\u0131zda"}]},{"@type":"WebSite","@id":"https:\/\/www.optivenue.com\/#website","url":"https:\/\/www.optivenue.com\/","name":"Optivenue - Dijital Performans Ajans\u0131","description":"Dijital Performans Ajans\u0131","publisher":{"@id":"https:\/\/www.optivenue.com\/#organization"},"potentialAction":[{"@type":"SearchAction","target":{"@type":"EntryPoint","urlTemplate":"https:\/\/www.optivenue.com\/?s={search_term_string}"},"query-input":{"@type":"PropertyValueSpecification","valueRequired":true,"valueName":"search_term_string"}}],"inLanguage":"en-US"},{"@type":"Organization","@id":"https:\/\/www.optivenue.com\/#organization","name":"Optivenue - Dijital Performans Ajans\u0131","url":"https:\/\/www.optivenue.com\/","logo":{"@type":"ImageObject","inLanguage":"en-US","@id":"https:\/\/www.optivenue.com\/#\/schema\/logo\/image\/","url":"https:\/\/www.optivenue.com\/wp-content\/uploads\/2024\/08\/optivenue-logo.svg","contentUrl":"https:\/\/www.optivenue.com\/wp-content\/uploads\/2024\/08\/optivenue-logo.svg","width":183,"height":35,"caption":"Optivenue - Dijital Performans Ajans\u0131"},"image":{"@id":"https:\/\/www.optivenue.com\/#\/schema\/logo\/image\/"},"sameAs":["https:\/\/www.linkedin.com\/company\/optivenue\/","https:\/\/www.instagram.com\/optivenue\/"]}]}},"_links":{"self":[{"href":"https:\/\/www.optivenue.com\/en\/wp-json\/wp\/v2\/pages\/18","targetHints":{"allow":["GET"]}}],"collection":[{"href":"https:\/\/www.optivenue.com\/en\/wp-json\/wp\/v2\/pages"}],"about":[{"href":"https:\/\/www.optivenue.com\/en\/wp-json\/wp\/v2\/types\/page"}],"author":[{"embeddable":true,"href":"https:\/\/www.optivenue.com\/en\/wp-json\/wp\/v2\/users\/1"}],"replies":[{"embeddable":true,"href":"https:\/\/www.optivenue.com\/en\/wp-json\/wp\/v2\/comments?post=18"}],"version-history":[{"count":1,"href":"https:\/\/www.optivenue.com\/en\/wp-json\/wp\/v2\/pages\/18\/revisions"}],"predecessor-version":[{"id":1240,"href":"https:\/\/www.optivenue.com\/en\/wp-json\/wp\/v2\/pages\/18\/revisions\/1240"}],"wp:attachment":[{"href":"https:\/\/www.optivenue.com\/en\/wp-json\/wp\/v2\/media?parent=18"}],"curies":[{"name":"wp","href":"https:\/\/api.w.org\/{rel}","templated":true}]}}