{"id":379,"date":"2024-08-14T17:17:35","date_gmt":"2024-08-14T14:17:35","guid":{"rendered":"https:\/\/www.optivenue.com\/?page_id=379"},"modified":"2025-12-17T17:46:49","modified_gmt":"2025-12-17T14:46:49","slug":"gizlilik-politikasi","status":"publish","type":"page","link":"https:\/\/www.optivenue.com\/en\/gizlilik-politikasi\/","title":{"rendered":"Privacy Policy"},"content":{"rendered":"<div data-elementor-type=\"wp-page\" data-elementor-id=\"379\" class=\"elementor elementor-379\" data-elementor-post-type=\"page\">\n\t\t\t\t<div class=\"elementor-element elementor-element-0f114e8 e-flex e-con-boxed e-con e-parent\" data-id=\"0f114e8\" data-element_type=\"container\" data-e-type=\"container\" data-settings=\"{&quot;background_background&quot;:&quot;classic&quot;}\">\n\t\t\t\t\t<div class=\"e-con-inner\">\n\t\t\t\t<div class=\"elementor-element elementor-element-063217c elementor-widget elementor-widget-breadcrumbs\" data-id=\"063217c\" data-element_type=\"widget\" data-e-type=\"widget\" data-widget_type=\"breadcrumbs.default\">\n\t\t\t\t<div class=\"elementor-widget-container\">\n\t\t\t\t\t<p id=\"breadcrumbs\"><span><span><a href=\"https:\/\/www.optivenue.com\/en\/\">Optivenue<\/a><\/span><\/span><\/p>\t\t\t\t<\/div>\n\t\t\t\t<\/div>\n\t\t\t\t\t<\/div>\n\t\t\t\t<\/div>\n\t\t<div class=\"elementor-element elementor-element-16b7a0e e-flex e-con-boxed e-con e-parent\" data-id=\"16b7a0e\" data-element_type=\"container\" data-e-type=\"container\">\n\t\t\t\t\t<div class=\"e-con-inner\">\n\t\t\t\t<div class=\"elementor-element elementor-element-c8d6d1e elementor-widget elementor-widget-text-editor\" data-id=\"c8d6d1e\" data-element_type=\"widget\" data-e-type=\"widget\" data-widget_type=\"text-editor.default\">\n\t\t\t\t<div class=\"elementor-widget-container\">\n\t\t\t\t\t\t\t\t\t<p>Kullan\u0131c\u0131lar\u0131m\u0131z\u0131n ki\u015fisel verilerinin korunmas\u0131, \u015firketimiz i\u00e7in b\u00fcy\u00fck \u00f6nem ta\u015f\u0131maktad\u0131r. Bu gizlilik beyan\u0131, internet sitemizi ziyaret etti\u011finizde optivenue&#8217;nin hakk\u0131n\u0131zda toplayaca\u011f\u0131 bilgileri a\u00e7\u0131klamaktad\u0131r.<\/p><h3>Ki\u015fisel Verilerin Toplanmas\u0131 ve \u0130\u015flenmesi\u00a0<\/h3><p>Ad\u0131n\u0131z, soyad\u0131n\u0131z, adresiniz, e-posta adresiniz, posta adresiniz ve kredi kart\u0131 bilgileriniz gibi bilgiler sizi tan\u0131mlayan bilgilerdir. Ki\u015fisel bilgilerinizi \u00f6zel olarak payla\u015fmad\u0131k\u00e7a (\u00f6rne\u011fin, \u00fcr\u00fcn sipari\u015fi veya e-posta \u00fcyeli\u011fi ba\u015fvurusu gibi durumlarda), optivenue sizden ki\u015fisel bilgi toplamaz.<\/p><h3>Ki\u015fisel Bilgilerin Kullan\u0131m\u0131 ve Yay\u0131lmas\u0131\u00a0<\/h3><p>optivenue, ki\u015fisel bilgilerinizi sadece internet sitesi y\u00f6netimi i\u00e7in gerekli olan durumlarda, sizin \u00f6zel bilgilere ula\u015fabilmeniz i\u00e7in veya sizinle genel ileti\u015fim sa\u011flamak amac\u0131yla kullanacakt\u0131r. optivenue, ki\u015fisel bilgilerinizi \u00fc\u00e7\u00fcnc\u00fc \u015fah\u0131slara vermeyecek veya hi\u00e7bir yerde yay\u0131nlamayacakt\u0131r.<\/p><h3>De\u011fi\u015fiklikler Bildirileri\u00a0<\/h3><p>Gizlilik beyan\u0131m\u0131zdaki herhangi bir de\u011fi\u015fiklik, bu gizlilik ifadesinde, ana sayfam\u0131zda ve uygun g\u00f6rd\u00fc\u011f\u00fcm\u00fcz di\u011fer yerlerde ilan edilecektir.<\/p><h3>Cookie\u2019ler\u00a0<\/h3><p>Cookie\u2019ler, hard diskinizde ge\u00e7ici olarak saklanan ve optivenue internet sitemizi bir sonraki ziyaretinizde sitemizin, sizin bilgisayar\u0131n\u0131z\u0131 tan\u0131mas\u0131n\u0131 sa\u011flayan k\u00fc\u00e7\u00fck dosyalard\u0131r. optivenue, cookie\u2019leri sadece internet sitemizi ilgilendiren bilgileri toplamak i\u00e7in kullan\u0131r. Google dahil \u00fc\u00e7\u00fcnc\u00fc taraf sa\u011flay\u0131c\u0131lar, reklamlar\u0131m\u0131z\u0131 \u0130nternet\u2019teki sitelerde g\u00f6stermektedir. Google dahil \u00fc\u00e7\u00fcnc\u00fc taraf sa\u011flay\u0131c\u0131lar, kullan\u0131c\u0131lar\u0131m\u0131z\u0131n web sitemize yapt\u0131\u011f\u0131 \u00f6nceki ziyaretlere dayal\u0131 olarak reklam yay\u0131nlamak i\u00e7in \u00e7erezleri kullanmaktad\u0131r. Kullan\u0131c\u0131lar, Google reklamc\u0131l\u0131k devre d\u0131\u015f\u0131 b\u0131rakma sayfas\u0131na giderek Google\u2019\u0131n \u00e7erez kullan\u0131m\u0131n\u0131 devre d\u0131\u015f\u0131 b\u0131rakabilirler. Kullan\u0131c\u0131lar, DoubleClick devre d\u0131\u015f\u0131 b\u0131rakma sayfas\u0131n\u0131 giderek DoubleClick\u2019in \u00e7erez kullan\u0131m\u0131n\u0131 devre d\u0131\u015f\u0131 b\u0131rakabilirler. Alternatif olarak, kullan\u0131c\u0131lar, Network Advertising Initiative devre d\u0131\u015f\u0131 b\u0131rakma sayfas\u0131na giderek bir \u00fc\u00e7\u00fcn\u00fc taraf sa\u011flay\u0131c\u0131n\u0131n \u00e7erez kullan\u0131m\u0131n\u0131 devre d\u0131\u015f\u0131 b\u0131rakabilirler. \u00c7erez kullan\u0131mlar\u0131 \u00f6n tan\u0131ml\u0131 olarak a\u00e7\u0131k olan taray\u0131c\u0131larda \u00e7erez kullan\u0131m\u0131 hakk\u0131 k\u0131s\u0131tlanmad\u0131k\u00e7a sitemizi ziyaret etmeniz durumunda, sizi daha sonra tan\u0131yabilmemiz ve internetteki sitelerde reklam g\u00f6sterimi yapt\u0131\u011f\u0131m\u0131zda sizi ay\u0131rt edebilmemiz i\u00e7in kullan\u0131lmaktad\u0131r. Bu \u00e7erezler hi\u00e7bir ki\u015fisel, \u00f6zel veya gizli bilgi i\u00e7ermez.<\/p><h3>\u0130zleme Verileri\u00a0<\/h3><p>Google Analytics, Yandex Metrica, Facebook Pixel, Hotjar gibi ara\u00e7lar, size daha iyi hizmet sunabilmemiz i\u00e7in bizlere hayati veriler sa\u011flar. Bu ara\u00e7lar IP adresleri, lokasyonlar, cinsiyet gibi payla\u015ft\u0131\u011f\u0131n\u0131z ki\u015fisel verileri de toplar. Bu veriler sadece ilgili ara\u00e7lar\u0131n sunucular\u0131nda i\u015flenir ve anlaml\u0131 hale getirilir. Verilerinizi payla\u015fmak istemiyorsan\u0131z, ilgili ara\u00e7lar \u00fczerinden gizlilik ayarlar\u0131n\u0131z\u0131 yapabilirsiniz. Bu ara\u00e7lar\u0131n toplad\u0131\u011f\u0131 veriler ve bu verilerin nas\u0131l i\u015flendi\u011fi, optivenue\u2019nin sorumlulu\u011funda de\u011fildir.<\/p><h3>G\u00fcvenlik\u00a0<\/h3><p>optivenue, ki\u015fisel bilgilerinizin g\u00fcvenli\u011fini sa\u011flamaya b\u00fcy\u00fck \u00f6nem verir. Bilgileriniz bozulmaya, kayba, kullan\u0131lmaya, izinsiz giri\u015f veya izinsiz yay\u0131nlanmaya kar\u015f\u0131 s\u00fcrekli olarak korunmaktad\u0131r. Kredi kart\u0131 \u00f6demelerinde kullan\u0131lan, bankam\u0131z taraf\u0131ndan sa\u011flanan \u00f6deme veri taban\u0131m\u0131z, m\u00fc\u015fterilerimizin g\u00fcvenli\u011fi i\u00e7in m\u00fckemmel \u015fekilde tasarlanm\u0131\u015ft\u0131r. Bilgilerinizin yer ald\u0131\u011f\u0131 veri taban\u0131, d\u00fcnyadaki mevcut en y\u00fcksek g\u00fcvenlik standard\u0131 ile korunmaktad\u0131r. optivenue, sitemizin kullan\u0131m\u0131 nedeniyle ziyaret\u00e7ilere ait bilgisayar veya di\u011fer donan\u0131mlarda meydana gelebilecek zararlardan sorumlu tutulamaz.<\/p><h3>Otomatik Olarak Kaydedilen Bilgiler (Ki\u015fisel olmayan veriler)\u00a0<\/h3><p>optivenue internet sitesine girdi\u011finizde, genel ki\u015fisel olmayan bilgiler (kullan\u0131lan internet taray\u0131c\u0131s\u0131, ziyaret say\u0131s\u0131, sitede harcanan ortalama s\u00fcre, g\u00f6r\u00fcnt\u00fclenen sayfalar) otomatik olarak kaydedilir (\u00fcyelik kayd\u0131ndan ayr\u0131 olarak). Bu bilgiler, internet sitemizin genel kalitesini artt\u0131rmak amac\u0131yla kullan\u0131l\u0131r. Bilgileriniz bundan ba\u015fka i\u015fleme tabi tutulmaz ve \u00fc\u00e7\u00fcnc\u00fc \u015fah\u0131slara iletilmez.<\/p><h3>Bilgi Edinme Hakk\u0131\u00a0<\/h3><p>Gizlilik koruma beyan\u0131m\u0131z veya ki\u015fisel bilgilerinizin nas\u0131l i\u015flendi\u011fi hakk\u0131nda sorular\u0131n\u0131z i\u00e7in bizimle ba\u011flant\u0131 kurunuz. Talebiniz do\u011frultusunda optivenue internet sitesine ziyaretleriniz s\u0131ras\u0131nda ki\u015fisel bilgilerinizden hangilerinin, e\u011fer varsa, topland\u0131\u011f\u0131 hakk\u0131nda yaz\u0131l\u0131 olarak ve yasalara uygunluk \u00e7er\u00e7evesinde bilgilendirileceksiniz.<\/p>\t\t\t\t\t\t\t\t<\/div>\n\t\t\t\t<\/div>\n\t\t\t\t\t<\/div>\n\t\t\t\t<\/div>\n\t\t\t\t<\/div>","protected":false},"excerpt":{"rendered":"<p>Gizlilik Politikas\u0131 Kullan\u0131c\u0131lar\u0131m\u0131z\u0131n ki\u015fisel verilerinin korunmas\u0131, \u015firketimiz i\u00e7in b\u00fcy\u00fck \u00f6nem ta\u015f\u0131maktad\u0131r. Bu gizlilik beyan\u0131, internet sitemizi ziyaret etti\u011finizde optivenue&#8217;nin hakk\u0131n\u0131zda toplayaca\u011f\u0131 bilgileri a\u00e7\u0131klamaktad\u0131r. Ki\u015fisel Verilerin Toplanmas\u0131 ve \u0130\u015flenmesi\u00a0 Ad\u0131n\u0131z, soyad\u0131n\u0131z, adresiniz, e-posta adresiniz, posta adresiniz ve kredi kart\u0131 bilgileriniz gibi bilgiler sizi tan\u0131mlayan bilgilerdir. Ki\u015fisel bilgilerinizi \u00f6zel olarak payla\u015fmad\u0131k\u00e7a (\u00f6rne\u011fin, \u00fcr\u00fcn sipari\u015fi veya e-posta \u00fcyeli\u011fi [&hellip;]<\/p>\n","protected":false},"author":1,"featured_media":0,"parent":0,"menu_order":0,"comment_status":"closed","ping_status":"closed","template":"elementor_header_footer","meta":{"_monsterinsights_skip_tracking":false,"_monsterinsights_sitenote_active":false,"_monsterinsights_sitenote_note":"","_monsterinsights_sitenote_category":0,"footnotes":""},"class_list":["post-379","page","type-page","status-publish","hentry"],"yoast_head":"<!-- This site is optimized with the Yoast SEO plugin v27.3 - https:\/\/yoast.com\/product\/yoast-seo-wordpress\/ -->\n<title>Gizlilik Politikas\u0131 - Optivenue<\/title>\n<meta name=\"robots\" content=\"index, follow, max-snippet:-1, max-image-preview:large, max-video-preview:-1\" \/>\n<link rel=\"canonical\" href=\"https:\/\/www.optivenue.com\/en\/gizlilik-politikasi\/\" \/>\n<meta property=\"og:locale\" content=\"en_US\" \/>\n<meta property=\"og:type\" content=\"article\" \/>\n<meta property=\"og:title\" content=\"Gizlilik Politikas\u0131 - Optivenue\" \/>\n<meta property=\"og:description\" content=\"Gizlilik Politikas\u0131 Kullan\u0131c\u0131lar\u0131m\u0131z\u0131n ki\u015fisel verilerinin korunmas\u0131, \u015firketimiz i\u00e7in b\u00fcy\u00fck \u00f6nem ta\u015f\u0131maktad\u0131r. Bu gizlilik beyan\u0131, internet sitemizi ziyaret etti\u011finizde optivenue&#8217;nin hakk\u0131n\u0131zda toplayaca\u011f\u0131 bilgileri a\u00e7\u0131klamaktad\u0131r. Ki\u015fisel Verilerin Toplanmas\u0131 ve \u0130\u015flenmesi\u00a0 Ad\u0131n\u0131z, soyad\u0131n\u0131z, adresiniz, e-posta adresiniz, posta adresiniz ve kredi kart\u0131 bilgileriniz gibi bilgiler sizi tan\u0131mlayan bilgilerdir. Ki\u015fisel bilgilerinizi \u00f6zel olarak payla\u015fmad\u0131k\u00e7a (\u00f6rne\u011fin, \u00fcr\u00fcn sipari\u015fi veya e-posta \u00fcyeli\u011fi [&hellip;]\" \/>\n<meta property=\"og:url\" content=\"https:\/\/www.optivenue.com\/en\/gizlilik-politikasi\/\" \/>\n<meta property=\"og:site_name\" content=\"Optivenue\" \/>\n<meta property=\"article:modified_time\" content=\"2025-12-17T14:46:49+00:00\" \/>\n<meta name=\"twitter:card\" content=\"summary_large_image\" \/>\n<meta name=\"twitter:label1\" content=\"Est. reading time\" \/>\n\t<meta name=\"twitter:data1\" content=\"3 minutes\" \/>\n<script type=\"application\/ld+json\" class=\"yoast-schema-graph\">{\"@context\":\"https:\\\/\\\/schema.org\",\"@graph\":[{\"@type\":\"WebPage\",\"@id\":\"https:\\\/\\\/www.optivenue.com\\\/gizlilik-politikasi\\\/\",\"url\":\"https:\\\/\\\/www.optivenue.com\\\/gizlilik-politikasi\\\/\",\"name\":\"Gizlilik Politikas\u0131 - Optivenue\",\"isPartOf\":{\"@id\":\"https:\\\/\\\/www.optivenue.com\\\/#website\"},\"datePublished\":\"2024-08-14T14:17:35+00:00\",\"dateModified\":\"2025-12-17T14:46:49+00:00\",\"breadcrumb\":{\"@id\":\"https:\\\/\\\/www.optivenue.com\\\/gizlilik-politikasi\\\/#breadcrumb\"},\"inLanguage\":\"en-US\",\"potentialAction\":[{\"@type\":\"ReadAction\",\"target\":[\"https:\\\/\\\/www.optivenue.com\\\/gizlilik-politikasi\\\/\"]}]},{\"@type\":\"BreadcrumbList\",\"@id\":\"https:\\\/\\\/www.optivenue.com\\\/gizlilik-politikasi\\\/#breadcrumb\",\"itemListElement\":[{\"@type\":\"ListItem\",\"position\":1,\"name\":\"Optivenue\",\"item\":\"https:\\\/\\\/www.optivenue.com\\\/\"},{\"@type\":\"ListItem\",\"position\":2,\"name\":\"Gizlilik Politikas\u0131\"}]},{\"@type\":\"WebSite\",\"@id\":\"https:\\\/\\\/www.optivenue.com\\\/#website\",\"url\":\"https:\\\/\\\/www.optivenue.com\\\/\",\"name\":\"Optivenue - Dijital Performans Ajans\u0131\",\"description\":\"Dijital Performans Ajans\u0131\",\"publisher\":{\"@id\":\"https:\\\/\\\/www.optivenue.com\\\/#organization\"},\"potentialAction\":[{\"@type\":\"SearchAction\",\"target\":{\"@type\":\"EntryPoint\",\"urlTemplate\":\"https:\\\/\\\/www.optivenue.com\\\/?s={search_term_string}\"},\"query-input\":{\"@type\":\"PropertyValueSpecification\",\"valueRequired\":true,\"valueName\":\"search_term_string\"}}],\"inLanguage\":\"en-US\"},{\"@type\":\"Organization\",\"@id\":\"https:\\\/\\\/www.optivenue.com\\\/#organization\",\"name\":\"Optivenue - Dijital Performans Ajans\u0131\",\"url\":\"https:\\\/\\\/www.optivenue.com\\\/\",\"logo\":{\"@type\":\"ImageObject\",\"inLanguage\":\"en-US\",\"@id\":\"https:\\\/\\\/www.optivenue.com\\\/#\\\/schema\\\/logo\\\/image\\\/\",\"url\":\"https:\\\/\\\/www.optivenue.com\\\/wp-content\\\/uploads\\\/2024\\\/08\\\/optivenue-logo.svg\",\"contentUrl\":\"https:\\\/\\\/www.optivenue.com\\\/wp-content\\\/uploads\\\/2024\\\/08\\\/optivenue-logo.svg\",\"width\":183,\"height\":35,\"caption\":\"Optivenue - Dijital Performans Ajans\u0131\"},\"image\":{\"@id\":\"https:\\\/\\\/www.optivenue.com\\\/#\\\/schema\\\/logo\\\/image\\\/\"},\"sameAs\":[\"https:\\\/\\\/www.linkedin.com\\\/company\\\/optivenue\\\/\",\"https:\\\/\\\/www.instagram.com\\\/optivenue\\\/\"]}]}<\/script>\n<!-- \/ Yoast SEO plugin. -->","yoast_head_json":{"title":"Gizlilik Politikas\u0131 - Optivenue","robots":{"index":"index","follow":"follow","max-snippet":"max-snippet:-1","max-image-preview":"max-image-preview:large","max-video-preview":"max-video-preview:-1"},"canonical":"https:\/\/www.optivenue.com\/en\/gizlilik-politikasi\/","og_locale":"en_US","og_type":"article","og_title":"Gizlilik Politikas\u0131 - Optivenue","og_description":"Gizlilik Politikas\u0131 Kullan\u0131c\u0131lar\u0131m\u0131z\u0131n ki\u015fisel verilerinin korunmas\u0131, \u015firketimiz i\u00e7in b\u00fcy\u00fck \u00f6nem ta\u015f\u0131maktad\u0131r. Bu gizlilik beyan\u0131, internet sitemizi ziyaret etti\u011finizde optivenue&#8217;nin hakk\u0131n\u0131zda toplayaca\u011f\u0131 bilgileri a\u00e7\u0131klamaktad\u0131r. Ki\u015fisel Verilerin Toplanmas\u0131 ve \u0130\u015flenmesi\u00a0 Ad\u0131n\u0131z, soyad\u0131n\u0131z, adresiniz, e-posta adresiniz, posta adresiniz ve kredi kart\u0131 bilgileriniz gibi bilgiler sizi tan\u0131mlayan bilgilerdir. Ki\u015fisel bilgilerinizi \u00f6zel olarak payla\u015fmad\u0131k\u00e7a (\u00f6rne\u011fin, \u00fcr\u00fcn sipari\u015fi veya e-posta \u00fcyeli\u011fi [&hellip;]","og_url":"https:\/\/www.optivenue.com\/en\/gizlilik-politikasi\/","og_site_name":"Optivenue","article_modified_time":"2025-12-17T14:46:49+00:00","twitter_card":"summary_large_image","twitter_misc":{"Est. reading time":"3 minutes"},"schema":{"@context":"https:\/\/schema.org","@graph":[{"@type":"WebPage","@id":"https:\/\/www.optivenue.com\/gizlilik-politikasi\/","url":"https:\/\/www.optivenue.com\/gizlilik-politikasi\/","name":"Gizlilik Politikas\u0131 - Optivenue","isPartOf":{"@id":"https:\/\/www.optivenue.com\/#website"},"datePublished":"2024-08-14T14:17:35+00:00","dateModified":"2025-12-17T14:46:49+00:00","breadcrumb":{"@id":"https:\/\/www.optivenue.com\/gizlilik-politikasi\/#breadcrumb"},"inLanguage":"en-US","potentialAction":[{"@type":"ReadAction","target":["https:\/\/www.optivenue.com\/gizlilik-politikasi\/"]}]},{"@type":"BreadcrumbList","@id":"https:\/\/www.optivenue.com\/gizlilik-politikasi\/#breadcrumb","itemListElement":[{"@type":"ListItem","position":1,"name":"Optivenue","item":"https:\/\/www.optivenue.com\/"},{"@type":"ListItem","position":2,"name":"Gizlilik Politikas\u0131"}]},{"@type":"WebSite","@id":"https:\/\/www.optivenue.com\/#website","url":"https:\/\/www.optivenue.com\/","name":"Optivenue - Dijital Performans Ajans\u0131","description":"Dijital Performans Ajans\u0131","publisher":{"@id":"https:\/\/www.optivenue.com\/#organization"},"potentialAction":[{"@type":"SearchAction","target":{"@type":"EntryPoint","urlTemplate":"https:\/\/www.optivenue.com\/?s={search_term_string}"},"query-input":{"@type":"PropertyValueSpecification","valueRequired":true,"valueName":"search_term_string"}}],"inLanguage":"en-US"},{"@type":"Organization","@id":"https:\/\/www.optivenue.com\/#organization","name":"Optivenue - Dijital Performans Ajans\u0131","url":"https:\/\/www.optivenue.com\/","logo":{"@type":"ImageObject","inLanguage":"en-US","@id":"https:\/\/www.optivenue.com\/#\/schema\/logo\/image\/","url":"https:\/\/www.optivenue.com\/wp-content\/uploads\/2024\/08\/optivenue-logo.svg","contentUrl":"https:\/\/www.optivenue.com\/wp-content\/uploads\/2024\/08\/optivenue-logo.svg","width":183,"height":35,"caption":"Optivenue - Dijital Performans Ajans\u0131"},"image":{"@id":"https:\/\/www.optivenue.com\/#\/schema\/logo\/image\/"},"sameAs":["https:\/\/www.linkedin.com\/company\/optivenue\/","https:\/\/www.instagram.com\/optivenue\/"]}]}},"_links":{"self":[{"href":"https:\/\/www.optivenue.com\/en\/wp-json\/wp\/v2\/pages\/379","targetHints":{"allow":["GET"]}}],"collection":[{"href":"https:\/\/www.optivenue.com\/en\/wp-json\/wp\/v2\/pages"}],"about":[{"href":"https:\/\/www.optivenue.com\/en\/wp-json\/wp\/v2\/types\/page"}],"author":[{"embeddable":true,"href":"https:\/\/www.optivenue.com\/en\/wp-json\/wp\/v2\/users\/1"}],"replies":[{"embeddable":true,"href":"https:\/\/www.optivenue.com\/en\/wp-json\/wp\/v2\/comments?post=379"}],"version-history":[{"count":1,"href":"https:\/\/www.optivenue.com\/en\/wp-json\/wp\/v2\/pages\/379\/revisions"}],"predecessor-version":[{"id":1238,"href":"https:\/\/www.optivenue.com\/en\/wp-json\/wp\/v2\/pages\/379\/revisions\/1238"}],"wp:attachment":[{"href":"https:\/\/www.optivenue.com\/en\/wp-json\/wp\/v2\/media?parent=379"}],"curies":[{"name":"wp","href":"https:\/\/api.w.org\/{rel}","templated":true}]}}