{"id":38,"date":"2024-08-14T15:06:03","date_gmt":"2024-08-14T12:06:03","guid":{"rendered":"https:\/\/www.optivenue.com\/?page_id=38"},"modified":"2025-12-17T17:46:49","modified_gmt":"2025-12-17T14:46:49","slug":"blog","status":"publish","type":"page","link":"https:\/\/www.optivenue.com\/en\/blog\/","title":{"rendered":"Blog"},"content":{"rendered":"\t\t<div data-elementor-type=\"wp-page\" data-elementor-id=\"38\" class=\"elementor elementor-38\" data-elementor-post-type=\"page\">\n\t\t\t\t<div class=\"elementor-element elementor-element-18734da e-flex e-con-boxed e-con e-parent\" data-id=\"18734da\" data-element_type=\"container\" data-e-type=\"container\" data-settings=\"{&quot;background_background&quot;:&quot;classic&quot;}\">\n\t\t\t\t\t<div class=\"e-con-inner\">\n\t\t\t\t<div class=\"elementor-element elementor-element-010424a elementor-widget elementor-widget-breadcrumbs\" data-id=\"010424a\" data-element_type=\"widget\" data-e-type=\"widget\" data-widget_type=\"breadcrumbs.default\">\n\t\t\t\t<div class=\"elementor-widget-container\">\n\t\t\t\t\t<p id=\"breadcrumbs\"><span><span><a href=\"https:\/\/www.optivenue.com\/\">Optivenue<\/a><\/span><\/span><\/p>\t\t\t\t<\/div>\n\t\t\t\t<\/div>\n\t\t\t\t\t<\/div>\n\t\t\t\t<\/div>\n\t\t<div class=\"elementor-element elementor-element-826d891 e-flex e-con-boxed e-con e-parent\" data-id=\"826d891\" data-element_type=\"container\" data-e-type=\"container\">\n\t\t\t\t\t<div class=\"e-con-inner\">\n\t\t\t\t<div class=\"elementor-element elementor-element-e42a555 elementor-grid-3 elementor-grid-tablet-2 elementor-grid-mobile-1 elementor-widget elementor-widget-loop-grid\" data-id=\"e42a555\" data-element_type=\"widget\" data-e-type=\"widget\" data-settings=\"{&quot;template_id&quot;:&quot;298&quot;,&quot;pagination_type&quot;:&quot;numbers&quot;,&quot;_skin&quot;:&quot;post&quot;,&quot;columns&quot;:&quot;3&quot;,&quot;columns_tablet&quot;:&quot;2&quot;,&quot;columns_mobile&quot;:&quot;1&quot;,&quot;edit_handle_selector&quot;:&quot;[data-elementor-type=\\&quot;loop-item\\&quot;]&quot;,&quot;pagination_load_type&quot;:&quot;page_reload&quot;,&quot;row_gap&quot;:{&quot;unit&quot;:&quot;px&quot;,&quot;size&quot;:&quot;&quot;,&quot;sizes&quot;:[]},&quot;row_gap_tablet&quot;:{&quot;unit&quot;:&quot;px&quot;,&quot;size&quot;:&quot;&quot;,&quot;sizes&quot;:[]},&quot;row_gap_mobile&quot;:{&quot;unit&quot;:&quot;px&quot;,&quot;size&quot;:&quot;&quot;,&quot;sizes&quot;:[]}}\" data-widget_type=\"loop-grid.post\">\n\t\t\t\t<div class=\"elementor-widget-container\">\n\t\t\t\t\t\t\t<div class=\"elementor-loop-container elementor-grid\" role=\"list\">\n\t\t<style id=\"loop-298\">.elementor-298 .elementor-element.elementor-element-03aa116{--display:flex;--gap:0px 0px;--row-gap:0px;--column-gap:0px;--border-radius:2px 2px 2px 2px;box-shadow:0px 0px 60px 0px rgba(0, 0, 0, 0.05);--padding-top:0px;--padding-bottom:0px;--padding-left:0px;--padding-right:0px;}.elementor-298 .elementor-element.elementor-element-03aa116:not(.elementor-motion-effects-element-type-background), .elementor-298 .elementor-element.elementor-element-03aa116 > .elementor-motion-effects-container > .elementor-motion-effects-layer{background-color:var( --e-global-color-accent );}.elementor-widget-theme-post-featured-image .widget-image-caption{color:var( --e-global-color-text );font-family:var( --e-global-typography-text-font-family ), Sans-serif;font-weight:var( --e-global-typography-text-font-weight );}.elementor-298 .elementor-element.elementor-element-8ac2a2b img{width:100%;}.elementor-298 .elementor-element.elementor-element-ef2b53b{--display:flex;--padding-top:30px;--padding-bottom:30px;--padding-left:30px;--padding-right:30px;}.elementor-widget-theme-post-title .elementor-heading-title{font-family:var( --e-global-typography-primary-font-family ), Sans-serif;font-weight:var( --e-global-typography-primary-font-weight );color:var( --e-global-color-primary );}.elementor-298 .elementor-element.elementor-element-0e1b864 .elementor-heading-title{font-family:\"Outfit\", Sans-serif;font-size:18px;font-weight:700;}.elementor-widget-theme-post-excerpt .elementor-widget-container{font-family:var( --e-global-typography-text-font-family ), Sans-serif;font-weight:var( --e-global-typography-text-font-weight );color:var( --e-global-color-text );}.elementor-298 .elementor-element.elementor-element-a51101d .elementor-widget-container{font-family:\"Outfit\", Sans-serif;font-size:16px;font-weight:400;}<\/style>\t\t<div data-elementor-type=\"loop-item\" data-elementor-id=\"298\" class=\"elementor elementor-298 e-loop-item e-loop-item-1181 post-1181 post type-post status-publish format-standard has-post-thumbnail hentry category-blog\" data-elementor-post-type=\"elementor_library\" data-custom-edit-handle=\"1\">\n\t\t\t<a class=\"elementor-element elementor-element-03aa116 e-flex e-con-boxed e-con e-parent\" data-id=\"03aa116\" data-element_type=\"container\" data-e-type=\"container\" data-settings=\"{&quot;background_background&quot;:&quot;classic&quot;}\" href=\"https:\/\/www.optivenue.com\/en\/hedef-kitleyi-tanimadan-reklama-baslamak-neden-buyuk-bir-hata\/\">\n\t\t\t\t\t<div class=\"e-con-inner\">\n\t\t\t\t<div class=\"elementor-element elementor-element-8ac2a2b elementor-widget elementor-widget-theme-post-featured-image elementor-widget-image\" data-id=\"8ac2a2b\" data-element_type=\"widget\" data-e-type=\"widget\" data-widget_type=\"theme-post-featured-image.default\">\n\t\t\t\t<div class=\"elementor-widget-container\">\n\t\t\t\t\t\t\t\t\t\t\t\t\t\t\t<img fetchpriority=\"high\" decoding=\"async\" width=\"800\" height=\"420\" src=\"https:\/\/www.optivenue.com\/wp-content\/uploads\/2025\/06\/hedef-kitleyi-tanimadan-reklama-baslamak-neden-buyuk-bir-hata-1024x538.jpg\" class=\"attachment-large size-large wp-image-1182\" alt=\"Hedef Kitleyi Tan\u0131madan Reklama Ba\u015flamak Neden B\u00fcy\u00fck Bir Hata?\" srcset=\"https:\/\/www.optivenue.com\/wp-content\/uploads\/2025\/06\/hedef-kitleyi-tanimadan-reklama-baslamak-neden-buyuk-bir-hata-1024x538.jpg 1024w, https:\/\/www.optivenue.com\/wp-content\/uploads\/2025\/06\/hedef-kitleyi-tanimadan-reklama-baslamak-neden-buyuk-bir-hata-300x158.jpg 300w, https:\/\/www.optivenue.com\/wp-content\/uploads\/2025\/06\/hedef-kitleyi-tanimadan-reklama-baslamak-neden-buyuk-bir-hata-768x403.jpg 768w, https:\/\/www.optivenue.com\/wp-content\/uploads\/2025\/06\/hedef-kitleyi-tanimadan-reklama-baslamak-neden-buyuk-bir-hata.jpg 1200w\" sizes=\"(max-width: 800px) 100vw, 800px\" \/>\t\t\t\t\t\t\t\t\t\t\t\t\t\t\t<\/div>\n\t\t\t\t<\/div>\n\t\t<div class=\"elementor-element elementor-element-ef2b53b e-con-full e-flex e-con e-child\" data-id=\"ef2b53b\" data-element_type=\"container\" data-e-type=\"container\">\n\t\t\t\t<div class=\"elementor-element elementor-element-0e1b864 elementor-widget elementor-widget-theme-post-title elementor-page-title elementor-widget-heading\" data-id=\"0e1b864\" data-element_type=\"widget\" data-e-type=\"widget\" data-widget_type=\"theme-post-title.default\">\n\t\t\t\t<div class=\"elementor-widget-container\">\n\t\t\t\t\t<h2 class=\"elementor-heading-title elementor-size-default\">Hedef Kitleyi Tan\u0131madan Reklama Ba\u015flamak Neden B\u00fcy\u00fck Bir Hata?<\/h2>\t\t\t\t<\/div>\n\t\t\t\t<\/div>\n\t\t\t\t<div class=\"elementor-element elementor-element-a51101d elementor-widget elementor-widget-theme-post-excerpt\" data-id=\"a51101d\" data-element_type=\"widget\" data-e-type=\"widget\" data-widget_type=\"theme-post-excerpt.default\">\n\t\t\t\t<div class=\"elementor-widget-container\">\n\t\t\t\t\t<p>Sosyal medya reklamlar\u0131, dijital pazarlaman\u0131n en g\u00fc\u00e7l\u00fc ara\u00e7lar\u0131ndan biridir. Ancak etkili bir reklam kampanyas\u0131 i\u00e7in yaln\u0131zca dikkat \u00e7ekici i\u00e7erikler \u00fcretmek ...\t\t\t\t<\/div>\n\t\t\t\t<\/div>\n\t\t\t\t<\/div>\n\t\t\t\t\t<\/div>\n\t\t\t\t<\/a>\n\t\t\t\t<\/div>\n\t\t\t\t<div data-elementor-type=\"loop-item\" data-elementor-id=\"298\" class=\"elementor elementor-298 e-loop-item e-loop-item-310 post-310 post type-post status-publish format-standard has-post-thumbnail hentry category-blog\" data-elementor-post-type=\"elementor_library\" data-custom-edit-handle=\"1\">\n\t\t\t<a class=\"elementor-element elementor-element-03aa116 e-flex e-con-boxed e-con e-parent\" data-id=\"03aa116\" data-element_type=\"container\" data-e-type=\"container\" data-settings=\"{&quot;background_background&quot;:&quot;classic&quot;}\" href=\"https:\/\/www.optivenue.com\/en\/e-ticaret-markanizin-trafigini-ve-satislarini-artirmak-icin-reklam-stratejisi\/\">\n\t\t\t\t\t<div class=\"e-con-inner\">\n\t\t\t\t<div class=\"elementor-element elementor-element-8ac2a2b elementor-widget elementor-widget-theme-post-featured-image elementor-widget-image\" data-id=\"8ac2a2b\" data-element_type=\"widget\" data-e-type=\"widget\" data-widget_type=\"theme-post-featured-image.default\">\n\t\t\t\t<div class=\"elementor-widget-container\">\n\t\t\t\t\t\t\t\t\t\t\t\t\t\t\t<img decoding=\"async\" width=\"800\" height=\"420\" src=\"https:\/\/www.optivenue.com\/wp-content\/uploads\/2024\/08\/e-ticaret-markanizin-trafigini-ve-satislarini-artirmak-icin-reklam-stratejisi-1024x538.jpg\" class=\"attachment-large size-large wp-image-1184\" alt=\"E-ticaret Markan\u0131z\u0131n Trafi\u011fini ve Sat\u0131\u015flar\u0131n\u0131 Art\u0131rmak \u0130\u00e7in Reklam Stratejisi\" srcset=\"https:\/\/www.optivenue.com\/wp-content\/uploads\/2024\/08\/e-ticaret-markanizin-trafigini-ve-satislarini-artirmak-icin-reklam-stratejisi-1024x538.jpg 1024w, https:\/\/www.optivenue.com\/wp-content\/uploads\/2024\/08\/e-ticaret-markanizin-trafigini-ve-satislarini-artirmak-icin-reklam-stratejisi-300x158.jpg 300w, https:\/\/www.optivenue.com\/wp-content\/uploads\/2024\/08\/e-ticaret-markanizin-trafigini-ve-satislarini-artirmak-icin-reklam-stratejisi-768x403.jpg 768w, https:\/\/www.optivenue.com\/wp-content\/uploads\/2024\/08\/e-ticaret-markanizin-trafigini-ve-satislarini-artirmak-icin-reklam-stratejisi.jpg 1200w\" sizes=\"(max-width: 800px) 100vw, 800px\" \/>\t\t\t\t\t\t\t\t\t\t\t\t\t\t\t<\/div>\n\t\t\t\t<\/div>\n\t\t<div class=\"elementor-element elementor-element-ef2b53b e-con-full e-flex e-con e-child\" data-id=\"ef2b53b\" data-element_type=\"container\" data-e-type=\"container\">\n\t\t\t\t<div class=\"elementor-element elementor-element-0e1b864 elementor-widget elementor-widget-theme-post-title elementor-page-title elementor-widget-heading\" data-id=\"0e1b864\" data-element_type=\"widget\" data-e-type=\"widget\" data-widget_type=\"theme-post-title.default\">\n\t\t\t\t<div class=\"elementor-widget-container\">\n\t\t\t\t\t<h2 class=\"elementor-heading-title elementor-size-default\">E-ticaret Markan\u0131z\u0131n Trafi\u011fini ve Sat\u0131\u015flar\u0131n\u0131 Art\u0131rmak \u0130\u00e7in Reklam Stratejisi<\/h2>\t\t\t\t<\/div>\n\t\t\t\t<\/div>\n\t\t\t\t<div class=\"elementor-element elementor-element-a51101d elementor-widget elementor-widget-theme-post-excerpt\" data-id=\"a51101d\" data-element_type=\"widget\" data-e-type=\"widget\" data-widget_type=\"theme-post-excerpt.default\">\n\t\t\t\t<div class=\"elementor-widget-container\">\n\t\t\t\t\t<p>E-ticaret d\u00fcnyas\u0131nda ba\u015far\u0131l\u0131 olmak i\u00e7in web sitenize gelen trafi\u011fi art\u0131rmak ve bu trafi\u011fi sat\u0131\u015fa d\u00f6n\u00fc\u015ft\u00fcrmek kritik \u00f6neme sahiptir. Bu hedeflere ...\t\t\t\t<\/div>\n\t\t\t\t<\/div>\n\t\t\t\t<\/div>\n\t\t\t\t\t<\/div>\n\t\t\t\t<\/a>\n\t\t\t\t<\/div>\n\t\t\t\t<\/div>\n\t\t\n\t\t\t\t\t\t<\/div>\n\t\t\t\t<\/div>\n\t\t\t\t\t<\/div>\n\t\t\t\t<\/div>\n\t\t\t\t<\/div>\n\t\t","protected":false},"excerpt":{"rendered":"<p>Blog &lt;\/h1&gt;<\/p>","protected":false},"author":1,"featured_media":0,"parent":0,"menu_order":0,"comment_status":"closed","ping_status":"closed","template":"elementor_header_footer","meta":{"_monsterinsights_skip_tracking":false,"_monsterinsights_sitenote_active":false,"_monsterinsights_sitenote_note":"","_monsterinsights_sitenote_category":0,"footnotes":""},"class_list":["post-38","page","type-page","status-publish","hentry"],"yoast_head":"<!-- This site is optimized with the Yoast SEO plugin v27.3 - https:\/\/yoast.com\/product\/yoast-seo-wordpress\/ -->\n<title>Blog - Optivenue<\/title>\n<meta name=\"robots\" content=\"index, follow, max-snippet:-1, max-image-preview:large, max-video-preview:-1\" \/>\n<link rel=\"canonical\" href=\"https:\/\/www.optivenue.com\/en\/blog\/\" \/>\n<meta property=\"og:locale\" content=\"en_US\" \/>\n<meta property=\"og:type\" content=\"article\" \/>\n<meta property=\"og:title\" content=\"Blog - Optivenue\" \/>\n<meta property=\"og:description\" content=\"Blog &lt;\/h1 &gt;\" \/>\n<meta property=\"og:url\" content=\"https:\/\/www.optivenue.com\/en\/blog\/\" \/>\n<meta property=\"og:site_name\" content=\"Optivenue\" \/>\n<meta property=\"article:modified_time\" content=\"2025-12-17T14:46:49+00:00\" \/>\n<meta name=\"twitter:card\" content=\"summary_large_image\" \/>\n<meta name=\"twitter:label1\" content=\"Est. reading time\" \/>\n\t<meta name=\"twitter:data1\" content=\"1 minute\" \/>\n<script type=\"application\/ld+json\" class=\"yoast-schema-graph\">{\"@context\":\"https:\\\/\\\/schema.org\",\"@graph\":[{\"@type\":\"WebPage\",\"@id\":\"https:\\\/\\\/www.optivenue.com\\\/blog\\\/\",\"url\":\"https:\\\/\\\/www.optivenue.com\\\/blog\\\/\",\"name\":\"Blog - Optivenue\",\"isPartOf\":{\"@id\":\"https:\\\/\\\/www.optivenue.com\\\/#website\"},\"datePublished\":\"2024-08-14T12:06:03+00:00\",\"dateModified\":\"2025-12-17T14:46:49+00:00\",\"breadcrumb\":{\"@id\":\"https:\\\/\\\/www.optivenue.com\\\/blog\\\/#breadcrumb\"},\"inLanguage\":\"en-US\",\"potentialAction\":[{\"@type\":\"ReadAction\",\"target\":[\"https:\\\/\\\/www.optivenue.com\\\/blog\\\/\"]}]},{\"@type\":\"BreadcrumbList\",\"@id\":\"https:\\\/\\\/www.optivenue.com\\\/blog\\\/#breadcrumb\",\"itemListElement\":[{\"@type\":\"ListItem\",\"position\":1,\"name\":\"Optivenue\",\"item\":\"https:\\\/\\\/www.optivenue.com\\\/\"},{\"@type\":\"ListItem\",\"position\":2,\"name\":\"Blog\"}]},{\"@type\":\"WebSite\",\"@id\":\"https:\\\/\\\/www.optivenue.com\\\/#website\",\"url\":\"https:\\\/\\\/www.optivenue.com\\\/\",\"name\":\"Optivenue - Dijital Performans Ajans\u0131\",\"description\":\"Dijital Performans Ajans\u0131\",\"publisher\":{\"@id\":\"https:\\\/\\\/www.optivenue.com\\\/#organization\"},\"potentialAction\":[{\"@type\":\"SearchAction\",\"target\":{\"@type\":\"EntryPoint\",\"urlTemplate\":\"https:\\\/\\\/www.optivenue.com\\\/?s={search_term_string}\"},\"query-input\":{\"@type\":\"PropertyValueSpecification\",\"valueRequired\":true,\"valueName\":\"search_term_string\"}}],\"inLanguage\":\"en-US\"},{\"@type\":\"Organization\",\"@id\":\"https:\\\/\\\/www.optivenue.com\\\/#organization\",\"name\":\"Optivenue - Dijital Performans Ajans\u0131\",\"url\":\"https:\\\/\\\/www.optivenue.com\\\/\",\"logo\":{\"@type\":\"ImageObject\",\"inLanguage\":\"en-US\",\"@id\":\"https:\\\/\\\/www.optivenue.com\\\/#\\\/schema\\\/logo\\\/image\\\/\",\"url\":\"https:\\\/\\\/www.optivenue.com\\\/wp-content\\\/uploads\\\/2024\\\/08\\\/optivenue-logo.svg\",\"contentUrl\":\"https:\\\/\\\/www.optivenue.com\\\/wp-content\\\/uploads\\\/2024\\\/08\\\/optivenue-logo.svg\",\"width\":183,\"height\":35,\"caption\":\"Optivenue - Dijital Performans Ajans\u0131\"},\"image\":{\"@id\":\"https:\\\/\\\/www.optivenue.com\\\/#\\\/schema\\\/logo\\\/image\\\/\"},\"sameAs\":[\"https:\\\/\\\/www.linkedin.com\\\/company\\\/optivenue\\\/\",\"https:\\\/\\\/www.instagram.com\\\/optivenue\\\/\"]}]}<\/script>\n<!-- \/ Yoast SEO plugin. -->","yoast_head_json":{"title":"Blog - Optivenue","robots":{"index":"index","follow":"follow","max-snippet":"max-snippet:-1","max-image-preview":"max-image-preview:large","max-video-preview":"max-video-preview:-1"},"canonical":"https:\/\/www.optivenue.com\/en\/blog\/","og_locale":"en_US","og_type":"article","og_title":"Blog - Optivenue","og_description":"Blog &lt;\/h1 &gt;","og_url":"https:\/\/www.optivenue.com\/en\/blog\/","og_site_name":"Optivenue","article_modified_time":"2025-12-17T14:46:49+00:00","twitter_card":"summary_large_image","twitter_misc":{"Est. reading time":"1 minute"},"schema":{"@context":"https:\/\/schema.org","@graph":[{"@type":"WebPage","@id":"https:\/\/www.optivenue.com\/blog\/","url":"https:\/\/www.optivenue.com\/blog\/","name":"Blog - Optivenue","isPartOf":{"@id":"https:\/\/www.optivenue.com\/#website"},"datePublished":"2024-08-14T12:06:03+00:00","dateModified":"2025-12-17T14:46:49+00:00","breadcrumb":{"@id":"https:\/\/www.optivenue.com\/blog\/#breadcrumb"},"inLanguage":"en-US","potentialAction":[{"@type":"ReadAction","target":["https:\/\/www.optivenue.com\/blog\/"]}]},{"@type":"BreadcrumbList","@id":"https:\/\/www.optivenue.com\/blog\/#breadcrumb","itemListElement":[{"@type":"ListItem","position":1,"name":"Optivenue","item":"https:\/\/www.optivenue.com\/"},{"@type":"ListItem","position":2,"name":"Blog"}]},{"@type":"WebSite","@id":"https:\/\/www.optivenue.com\/#website","url":"https:\/\/www.optivenue.com\/","name":"Optivenue - Dijital Performans Ajans\u0131","description":"Dijital Performans Ajans\u0131","publisher":{"@id":"https:\/\/www.optivenue.com\/#organization"},"potentialAction":[{"@type":"SearchAction","target":{"@type":"EntryPoint","urlTemplate":"https:\/\/www.optivenue.com\/?s={search_term_string}"},"query-input":{"@type":"PropertyValueSpecification","valueRequired":true,"valueName":"search_term_string"}}],"inLanguage":"en-US"},{"@type":"Organization","@id":"https:\/\/www.optivenue.com\/#organization","name":"Optivenue - Dijital Performans Ajans\u0131","url":"https:\/\/www.optivenue.com\/","logo":{"@type":"ImageObject","inLanguage":"en-US","@id":"https:\/\/www.optivenue.com\/#\/schema\/logo\/image\/","url":"https:\/\/www.optivenue.com\/wp-content\/uploads\/2024\/08\/optivenue-logo.svg","contentUrl":"https:\/\/www.optivenue.com\/wp-content\/uploads\/2024\/08\/optivenue-logo.svg","width":183,"height":35,"caption":"Optivenue - Dijital Performans Ajans\u0131"},"image":{"@id":"https:\/\/www.optivenue.com\/#\/schema\/logo\/image\/"},"sameAs":["https:\/\/www.linkedin.com\/company\/optivenue\/","https:\/\/www.instagram.com\/optivenue\/"]}]}},"_links":{"self":[{"href":"https:\/\/www.optivenue.com\/en\/wp-json\/wp\/v2\/pages\/38","targetHints":{"allow":["GET"]}}],"collection":[{"href":"https:\/\/www.optivenue.com\/en\/wp-json\/wp\/v2\/pages"}],"about":[{"href":"https:\/\/www.optivenue.com\/en\/wp-json\/wp\/v2\/types\/page"}],"author":[{"embeddable":true,"href":"https:\/\/www.optivenue.com\/en\/wp-json\/wp\/v2\/users\/1"}],"replies":[{"embeddable":true,"href":"https:\/\/www.optivenue.com\/en\/wp-json\/wp\/v2\/comments?post=38"}],"version-history":[{"count":1,"href":"https:\/\/www.optivenue.com\/en\/wp-json\/wp\/v2\/pages\/38\/revisions"}],"predecessor-version":[{"id":1234,"href":"https:\/\/www.optivenue.com\/en\/wp-json\/wp\/v2\/pages\/38\/revisions\/1234"}],"wp:attachment":[{"href":"https:\/\/www.optivenue.com\/en\/wp-json\/wp\/v2\/media?parent=38"}],"curies":[{"name":"wp","href":"https:\/\/api.w.org\/{rel}","templated":true}]}}