{"id":381,"date":"2024-08-14T17:17:40","date_gmt":"2024-08-14T14:17:40","guid":{"rendered":"https:\/\/www.optivenue.com\/?page_id=381"},"modified":"2025-12-17T17:46:49","modified_gmt":"2025-12-17T14:46:49","slug":"cerez-politikasi","status":"publish","type":"page","link":"https:\/\/www.optivenue.com\/en\/cerez-politikasi\/","title":{"rendered":"Cookie Policy"},"content":{"rendered":"<div data-elementor-type=\"wp-page\" data-elementor-id=\"381\" class=\"elementor elementor-381\" data-elementor-post-type=\"page\">\n\t\t\t\t<div class=\"elementor-element elementor-element-d950202 e-flex e-con-boxed e-con e-parent\" data-id=\"d950202\" data-element_type=\"container\" data-e-type=\"container\" data-settings=\"{&quot;background_background&quot;:&quot;classic&quot;}\">\n\t\t\t\t\t<div class=\"e-con-inner\">\n\t\t\t\t<div class=\"elementor-element elementor-element-b998a97 elementor-widget elementor-widget-breadcrumbs\" data-id=\"b998a97\" data-element_type=\"widget\" data-e-type=\"widget\" data-widget_type=\"breadcrumbs.default\">\n\t\t\t\t<div class=\"elementor-widget-container\">\n\t\t\t\t\t<p id=\"breadcrumbs\"><span><span><a href=\"https:\/\/www.optivenue.com\/en\/\">Optivenue<\/a><\/span><\/span><\/p>\t\t\t\t<\/div>\n\t\t\t\t<\/div>\n\t\t\t\t\t<\/div>\n\t\t\t\t<\/div>\n\t\t<div class=\"elementor-element elementor-element-ab2a48d e-flex e-con-boxed e-con e-parent\" data-id=\"ab2a48d\" data-element_type=\"container\" data-e-type=\"container\">\n\t\t\t\t\t<div class=\"e-con-inner\">\n\t\t\t\t<div class=\"elementor-element elementor-element-5a7e86e elementor-widget elementor-widget-text-editor\" data-id=\"5a7e86e\" data-element_type=\"widget\" data-e-type=\"widget\" data-widget_type=\"text-editor.default\">\n\t\t\t\t<div class=\"elementor-widget-container\">\n\t\t\t\t\t\t\t\t\t<h3>\u00c7erezler Nedir?<\/h3><p>\u00c7erezler, ziyaret etti\u011finiz web siteleri taraf\u0131ndan taray\u0131c\u0131n\u0131za g\u00f6nderilen ve cihaz\u0131n\u0131zda saklanan k\u00fc\u00e7\u00fck metin dosyalar\u0131d\u0131r. \u00c7erezler, web sitesinin sizin cihaz\u0131n\u0131z\u0131 tan\u0131mas\u0131na yard\u0131mc\u0131 olur ve siteyi ziyaret etti\u011finizde size daha iyi bir deneyim sunar.<\/p><h3>\u00c7erez T\u00fcrleri ve Kullan\u0131m Ama\u00e7lar\u0131<\/h3><p>Web sitemizde farkl\u0131 t\u00fcrde \u00e7erezler kullan\u0131lmaktad\u0131r:<\/p><p><strong>Zorunlu \u00c7erezler:<\/strong> Bu \u00e7erezler, web sitemizin d\u00fczg\u00fcn \u00e7al\u0131\u015fabilmesi i\u00e7in gereklidir. Bu \u00e7erezler olmadan web sitemizin hizmetlerinden faydalanamazs\u0131n\u0131z.<\/p><p><strong>Performans \u00c7erezleri:<\/strong> Bu \u00e7erezler, ziyaret\u00e7ilerin web sitemizi nas\u0131l kulland\u0131\u011f\u0131n\u0131 anlamam\u0131za yard\u0131mc\u0131 olur. Bu bilgileri, web sitemizi geli\u015ftirmek ve kullan\u0131c\u0131 deneyimini iyile\u015ftirmek i\u00e7in kullan\u0131r\u0131z.<\/p><p><strong>Fonksiyonel \u00c7erezler:<\/strong> Bu \u00e7erezler, web sitemizi daha ki\u015fisel hale getirmenize olanak tan\u0131r. \u00d6rne\u011fin, dil tercihlerinizi hat\u0131rlayabiliriz.<\/p><p><strong>Reklam ve Hedefleme \u00c7erezleri: <\/strong>Bu \u00e7erezler, ilgi alanlar\u0131n\u0131za uygun reklamlar sunmam\u0131za yard\u0131mc\u0131 olur. Ayr\u0131ca, ayn\u0131 reklam\u0131 tekrar tekrar g\u00f6rmenizi engeller ve reklam kampanyalar\u0131m\u0131z\u0131n etkinli\u011fini \u00f6l\u00e7er.<\/p><h3>\u00dc\u00e7\u00fcnc\u00fc Taraf \u00c7erezleri<\/h3><p>optivenue web sitesi, \u00fc\u00e7\u00fcnc\u00fc taraf hizmet sa\u011flay\u0131c\u0131lar taraf\u0131ndan yerle\u015ftirilen \u00e7erezleri de kullanabilir. Bu \u00fc\u00e7\u00fcnc\u00fc taraflar, kullan\u0131c\u0131lar\u0131n web sitemizi nas\u0131l kulland\u0131\u011f\u0131n\u0131 analiz ederek ve ilgi alanlar\u0131na g\u00f6re reklamlar sunarak bize destek sa\u011flar. Bu \u00e7erezler, do\u011frudan \u00fc\u00e7\u00fcnc\u00fc taraflar\u0131n kendi sunucular\u0131ndan gelir ve optivenue&#8217;nin bu \u00e7erezlerin veri toplama ve kullan\u0131m politikalar\u0131 \u00fczerinde bir kontrol\u00fc yoktur.<\/p><h3>\u00c7erezleri Y\u00f6netme ve Devre D\u0131\u015f\u0131 B\u0131rakma<\/h3><p>Taray\u0131c\u0131 ayarlar\u0131n\u0131z\u0131 kullanarak \u00e7erezlerin kullan\u0131m\u0131n\u0131 kontrol edebilir ve devre d\u0131\u015f\u0131 b\u0131rakabilirsiniz. \u00c7erezleri devre d\u0131\u015f\u0131 b\u0131rakmak i\u00e7in a\u015fa\u011f\u0131daki ad\u0131mlar\u0131 izleyebilirsiniz:<\/p><p><strong>Google Chrome: <\/strong>Taray\u0131c\u0131 ayarlar\u0131na gidin ve &#8220;Gizlilik ve G\u00fcvenlik&#8221; b\u00f6l\u00fcm\u00fcnden &#8220;\u00c7erezler ve di\u011fer site verileri&#8221; se\u00e7ene\u011fini se\u00e7in.<\/p><p><strong>Mozilla Firefox:<\/strong> Taray\u0131c\u0131 ayarlar\u0131na gidin ve &#8220;Gizlilik ve G\u00fcvenlik&#8221; sekmesinden &#8220;\u00c7erezler ve site verileri&#8221; b\u00f6l\u00fcm\u00fcne eri\u015fin.<\/p><p><strong>Microsoft Edge:<\/strong> Taray\u0131c\u0131 ayarlar\u0131na gidin ve &#8220;Gizlilik, arama ve hizmetler&#8221; b\u00f6l\u00fcm\u00fcnden &#8220;\u00c7erezler ve site izinleri&#8221; se\u00e7ene\u011fini se\u00e7in.<\/p><p>Kullan\u0131c\u0131lar, Google reklamc\u0131l\u0131k devre d\u0131\u015f\u0131 b\u0131rakma sayfas\u0131na giderek Google\u2019\u0131n \u00e7erez kullan\u0131m\u0131n\u0131 devre d\u0131\u015f\u0131 b\u0131rakabilirler. Kullan\u0131c\u0131lar, DoubleClick devre d\u0131\u015f\u0131 b\u0131rakma sayfas\u0131n\u0131 ziyaret ederek DoubleClick\u2019in \u00e7erez kullan\u0131m\u0131n\u0131 devre d\u0131\u015f\u0131 b\u0131rakabilirler. Alternatif olarak, kullan\u0131c\u0131lar Network Advertising Initiative devre d\u0131\u015f\u0131 b\u0131rakma sayfas\u0131na giderek di\u011fer \u00fc\u00e7\u00fcnc\u00fc taraf sa\u011flay\u0131c\u0131lar\u0131n \u00e7erez kullan\u0131m\u0131n\u0131 devre d\u0131\u015f\u0131 b\u0131rakabilirler.<\/p><p>\u00c7erezlerin devre d\u0131\u015f\u0131 b\u0131rak\u0131lmas\u0131, web sitemizin baz\u0131 i\u015flevlerinin d\u00fczg\u00fcn \u00e7al\u0131\u015fmamas\u0131na neden olabilir ve kullan\u0131c\u0131 deneyiminizi olumsuz etkileyebilir.<\/p><h3>\u00c7erez Politikas\u0131nda De\u011fi\u015fiklikler<\/h3><p>optivenue, \u00e7erez politikas\u0131nda zaman zaman de\u011fi\u015fiklikler yapabilir. \u00c7erez politikas\u0131ndaki de\u011fi\u015fiklikler, bu sayfada yay\u0131nlanacak ve gerekli durumlarda kullan\u0131c\u0131lar\u0131m\u0131za bildirilecektir.<\/p><h3>Contact<\/h3><p>\u00c7erez politikam\u0131z hakk\u0131nda sorular\u0131n\u0131z veya endi\u015feleriniz varsa, bizimle \u015fu e-posta adresi \u00fczerinden ileti\u015fime ge\u00e7ebilirsiniz: info@optivenue.com.<\/p><p>Bu \u00c7erez Politikas\u0131, optivenue&#8217;nin kullan\u0131c\u0131lar\u0131na daha iyi bir deneyim sunabilmesi ve web sitesinin i\u015flevselli\u011fini art\u0131rabilmesi i\u00e7in haz\u0131rlanm\u0131\u015ft\u0131r.<\/p>\t\t\t\t\t\t\t\t<\/div>\n\t\t\t\t<\/div>\n\t\t\t\t\t<\/div>\n\t\t\t\t<\/div>\n\t\t\t\t<\/div>","protected":false},"excerpt":{"rendered":"<p>\u00c7erez Politikas\u0131 \u00c7erezler Nedir? \u00c7erezler, ziyaret etti\u011finiz web siteleri taraf\u0131ndan taray\u0131c\u0131n\u0131za g\u00f6nderilen ve cihaz\u0131n\u0131zda saklanan k\u00fc\u00e7\u00fck metin dosyalar\u0131d\u0131r. \u00c7erezler, web sitesinin sizin cihaz\u0131n\u0131z\u0131 tan\u0131mas\u0131na yard\u0131mc\u0131 olur ve siteyi ziyaret etti\u011finizde size daha iyi bir deneyim sunar. \u00c7erez T\u00fcrleri ve Kullan\u0131m Ama\u00e7lar\u0131 Web sitemizde farkl\u0131 t\u00fcrde \u00e7erezler kullan\u0131lmaktad\u0131r: Zorunlu \u00c7erezler: Bu \u00e7erezler, web sitemizin d\u00fczg\u00fcn \u00e7al\u0131\u015fabilmesi [&hellip;]<\/p>\n","protected":false},"author":1,"featured_media":0,"parent":0,"menu_order":0,"comment_status":"closed","ping_status":"closed","template":"elementor_header_footer","meta":{"_monsterinsights_skip_tracking":false,"_monsterinsights_sitenote_active":false,"_monsterinsights_sitenote_note":"","_monsterinsights_sitenote_category":0,"footnotes":""},"class_list":["post-381","page","type-page","status-publish","hentry"],"yoast_head":"<!-- This site is optimized with the Yoast SEO plugin v27.3 - https:\/\/yoast.com\/product\/yoast-seo-wordpress\/ -->\n<title>\u00c7erez Politikas\u0131 - Optivenue<\/title>\n<meta name=\"robots\" content=\"index, follow, max-snippet:-1, max-image-preview:large, max-video-preview:-1\" \/>\n<link rel=\"canonical\" href=\"https:\/\/www.optivenue.com\/en\/cerez-politikasi\/\" \/>\n<meta property=\"og:locale\" content=\"en_US\" \/>\n<meta property=\"og:type\" content=\"article\" \/>\n<meta property=\"og:title\" content=\"\u00c7erez Politikas\u0131 - Optivenue\" \/>\n<meta property=\"og:description\" content=\"\u00c7erez Politikas\u0131 \u00c7erezler Nedir? \u00c7erezler, ziyaret etti\u011finiz web siteleri taraf\u0131ndan taray\u0131c\u0131n\u0131za g\u00f6nderilen ve cihaz\u0131n\u0131zda saklanan k\u00fc\u00e7\u00fck metin dosyalar\u0131d\u0131r. \u00c7erezler, web sitesinin sizin cihaz\u0131n\u0131z\u0131 tan\u0131mas\u0131na yard\u0131mc\u0131 olur ve siteyi ziyaret etti\u011finizde size daha iyi bir deneyim sunar. \u00c7erez T\u00fcrleri ve Kullan\u0131m Ama\u00e7lar\u0131 Web sitemizde farkl\u0131 t\u00fcrde \u00e7erezler kullan\u0131lmaktad\u0131r: Zorunlu \u00c7erezler: Bu \u00e7erezler, web sitemizin d\u00fczg\u00fcn \u00e7al\u0131\u015fabilmesi [&hellip;]\" \/>\n<meta property=\"og:url\" content=\"https:\/\/www.optivenue.com\/en\/cerez-politikasi\/\" \/>\n<meta property=\"og:site_name\" content=\"Optivenue\" \/>\n<meta property=\"article:modified_time\" content=\"2025-12-17T14:46:49+00:00\" \/>\n<meta name=\"twitter:card\" content=\"summary_large_image\" \/>\n<meta name=\"twitter:label1\" content=\"Est. reading time\" \/>\n\t<meta name=\"twitter:data1\" content=\"3 minutes\" \/>\n<script type=\"application\/ld+json\" class=\"yoast-schema-graph\">{\"@context\":\"https:\\\/\\\/schema.org\",\"@graph\":[{\"@type\":\"WebPage\",\"@id\":\"https:\\\/\\\/www.optivenue.com\\\/cerez-politikasi\\\/\",\"url\":\"https:\\\/\\\/www.optivenue.com\\\/cerez-politikasi\\\/\",\"name\":\"\u00c7erez Politikas\u0131 - Optivenue\",\"isPartOf\":{\"@id\":\"https:\\\/\\\/www.optivenue.com\\\/#website\"},\"datePublished\":\"2024-08-14T14:17:40+00:00\",\"dateModified\":\"2025-12-17T14:46:49+00:00\",\"breadcrumb\":{\"@id\":\"https:\\\/\\\/www.optivenue.com\\\/cerez-politikasi\\\/#breadcrumb\"},\"inLanguage\":\"en-US\",\"potentialAction\":[{\"@type\":\"ReadAction\",\"target\":[\"https:\\\/\\\/www.optivenue.com\\\/cerez-politikasi\\\/\"]}]},{\"@type\":\"BreadcrumbList\",\"@id\":\"https:\\\/\\\/www.optivenue.com\\\/cerez-politikasi\\\/#breadcrumb\",\"itemListElement\":[{\"@type\":\"ListItem\",\"position\":1,\"name\":\"Optivenue\",\"item\":\"https:\\\/\\\/www.optivenue.com\\\/\"},{\"@type\":\"ListItem\",\"position\":2,\"name\":\"\u00c7erez Politikas\u0131\"}]},{\"@type\":\"WebSite\",\"@id\":\"https:\\\/\\\/www.optivenue.com\\\/#website\",\"url\":\"https:\\\/\\\/www.optivenue.com\\\/\",\"name\":\"Optivenue - Dijital Performans Ajans\u0131\",\"description\":\"Dijital Performans Ajans\u0131\",\"publisher\":{\"@id\":\"https:\\\/\\\/www.optivenue.com\\\/#organization\"},\"potentialAction\":[{\"@type\":\"SearchAction\",\"target\":{\"@type\":\"EntryPoint\",\"urlTemplate\":\"https:\\\/\\\/www.optivenue.com\\\/?s={search_term_string}\"},\"query-input\":{\"@type\":\"PropertyValueSpecification\",\"valueRequired\":true,\"valueName\":\"search_term_string\"}}],\"inLanguage\":\"en-US\"},{\"@type\":\"Organization\",\"@id\":\"https:\\\/\\\/www.optivenue.com\\\/#organization\",\"name\":\"Optivenue - Dijital Performans Ajans\u0131\",\"url\":\"https:\\\/\\\/www.optivenue.com\\\/\",\"logo\":{\"@type\":\"ImageObject\",\"inLanguage\":\"en-US\",\"@id\":\"https:\\\/\\\/www.optivenue.com\\\/#\\\/schema\\\/logo\\\/image\\\/\",\"url\":\"https:\\\/\\\/www.optivenue.com\\\/wp-content\\\/uploads\\\/2024\\\/08\\\/optivenue-logo.svg\",\"contentUrl\":\"https:\\\/\\\/www.optivenue.com\\\/wp-content\\\/uploads\\\/2024\\\/08\\\/optivenue-logo.svg\",\"width\":183,\"height\":35,\"caption\":\"Optivenue - Dijital Performans Ajans\u0131\"},\"image\":{\"@id\":\"https:\\\/\\\/www.optivenue.com\\\/#\\\/schema\\\/logo\\\/image\\\/\"},\"sameAs\":[\"https:\\\/\\\/www.linkedin.com\\\/company\\\/optivenue\\\/\",\"https:\\\/\\\/www.instagram.com\\\/optivenue\\\/\"]}]}<\/script>\n<!-- \/ Yoast SEO plugin. -->","yoast_head_json":{"title":"\u00c7erez Politikas\u0131 - Optivenue","robots":{"index":"index","follow":"follow","max-snippet":"max-snippet:-1","max-image-preview":"max-image-preview:large","max-video-preview":"max-video-preview:-1"},"canonical":"https:\/\/www.optivenue.com\/en\/cerez-politikasi\/","og_locale":"en_US","og_type":"article","og_title":"\u00c7erez Politikas\u0131 - Optivenue","og_description":"\u00c7erez Politikas\u0131 \u00c7erezler Nedir? \u00c7erezler, ziyaret etti\u011finiz web siteleri taraf\u0131ndan taray\u0131c\u0131n\u0131za g\u00f6nderilen ve cihaz\u0131n\u0131zda saklanan k\u00fc\u00e7\u00fck metin dosyalar\u0131d\u0131r. \u00c7erezler, web sitesinin sizin cihaz\u0131n\u0131z\u0131 tan\u0131mas\u0131na yard\u0131mc\u0131 olur ve siteyi ziyaret etti\u011finizde size daha iyi bir deneyim sunar. \u00c7erez T\u00fcrleri ve Kullan\u0131m Ama\u00e7lar\u0131 Web sitemizde farkl\u0131 t\u00fcrde \u00e7erezler kullan\u0131lmaktad\u0131r: Zorunlu \u00c7erezler: Bu \u00e7erezler, web sitemizin d\u00fczg\u00fcn \u00e7al\u0131\u015fabilmesi [&hellip;]","og_url":"https:\/\/www.optivenue.com\/en\/cerez-politikasi\/","og_site_name":"Optivenue","article_modified_time":"2025-12-17T14:46:49+00:00","twitter_card":"summary_large_image","twitter_misc":{"Est. reading time":"3 minutes"},"schema":{"@context":"https:\/\/schema.org","@graph":[{"@type":"WebPage","@id":"https:\/\/www.optivenue.com\/cerez-politikasi\/","url":"https:\/\/www.optivenue.com\/cerez-politikasi\/","name":"\u00c7erez Politikas\u0131 - Optivenue","isPartOf":{"@id":"https:\/\/www.optivenue.com\/#website"},"datePublished":"2024-08-14T14:17:40+00:00","dateModified":"2025-12-17T14:46:49+00:00","breadcrumb":{"@id":"https:\/\/www.optivenue.com\/cerez-politikasi\/#breadcrumb"},"inLanguage":"en-US","potentialAction":[{"@type":"ReadAction","target":["https:\/\/www.optivenue.com\/cerez-politikasi\/"]}]},{"@type":"BreadcrumbList","@id":"https:\/\/www.optivenue.com\/cerez-politikasi\/#breadcrumb","itemListElement":[{"@type":"ListItem","position":1,"name":"Optivenue","item":"https:\/\/www.optivenue.com\/"},{"@type":"ListItem","position":2,"name":"\u00c7erez Politikas\u0131"}]},{"@type":"WebSite","@id":"https:\/\/www.optivenue.com\/#website","url":"https:\/\/www.optivenue.com\/","name":"Optivenue - Dijital Performans Ajans\u0131","description":"Dijital Performans Ajans\u0131","publisher":{"@id":"https:\/\/www.optivenue.com\/#organization"},"potentialAction":[{"@type":"SearchAction","target":{"@type":"EntryPoint","urlTemplate":"https:\/\/www.optivenue.com\/?s={search_term_string}"},"query-input":{"@type":"PropertyValueSpecification","valueRequired":true,"valueName":"search_term_string"}}],"inLanguage":"en-US"},{"@type":"Organization","@id":"https:\/\/www.optivenue.com\/#organization","name":"Optivenue - Dijital Performans Ajans\u0131","url":"https:\/\/www.optivenue.com\/","logo":{"@type":"ImageObject","inLanguage":"en-US","@id":"https:\/\/www.optivenue.com\/#\/schema\/logo\/image\/","url":"https:\/\/www.optivenue.com\/wp-content\/uploads\/2024\/08\/optivenue-logo.svg","contentUrl":"https:\/\/www.optivenue.com\/wp-content\/uploads\/2024\/08\/optivenue-logo.svg","width":183,"height":35,"caption":"Optivenue - Dijital Performans Ajans\u0131"},"image":{"@id":"https:\/\/www.optivenue.com\/#\/schema\/logo\/image\/"},"sameAs":["https:\/\/www.linkedin.com\/company\/optivenue\/","https:\/\/www.instagram.com\/optivenue\/"]}]}},"_links":{"self":[{"href":"https:\/\/www.optivenue.com\/en\/wp-json\/wp\/v2\/pages\/381","targetHints":{"allow":["GET"]}}],"collection":[{"href":"https:\/\/www.optivenue.com\/en\/wp-json\/wp\/v2\/pages"}],"about":[{"href":"https:\/\/www.optivenue.com\/en\/wp-json\/wp\/v2\/types\/page"}],"author":[{"embeddable":true,"href":"https:\/\/www.optivenue.com\/en\/wp-json\/wp\/v2\/users\/1"}],"replies":[{"embeddable":true,"href":"https:\/\/www.optivenue.com\/en\/wp-json\/wp\/v2\/comments?post=381"}],"version-history":[{"count":1,"href":"https:\/\/www.optivenue.com\/en\/wp-json\/wp\/v2\/pages\/381\/revisions"}],"predecessor-version":[{"id":1235,"href":"https:\/\/www.optivenue.com\/en\/wp-json\/wp\/v2\/pages\/381\/revisions\/1235"}],"wp:attachment":[{"href":"https:\/\/www.optivenue.com\/en\/wp-json\/wp\/v2\/media?parent=381"}],"curies":[{"name":"wp","href":"https:\/\/api.w.org\/{rel}","templated":true}]}}