{"id":40,"date":"2024-08-14T15:06:16","date_gmt":"2024-08-14T12:06:16","guid":{"rendered":"https:\/\/www.optivenue.com\/?page_id=40"},"modified":"2025-12-17T17:46:49","modified_gmt":"2025-12-17T14:46:49","slug":"iletisim","status":"publish","type":"page","link":"https:\/\/www.optivenue.com\/en\/iletisim\/","title":{"rendered":"Contact"},"content":{"rendered":"\t\t<div data-elementor-type=\"wp-page\" data-elementor-id=\"40\" class=\"elementor elementor-40\" data-elementor-post-type=\"page\">\n\t\t\t\t<div class=\"elementor-element elementor-element-c4edbab e-flex e-con-boxed e-con e-parent\" data-id=\"c4edbab\" data-element_type=\"container\" data-e-type=\"container\" data-settings=\"{&quot;background_background&quot;:&quot;classic&quot;}\">\n\t\t\t\t\t<div class=\"e-con-inner\">\n\t\t\t\t<div class=\"elementor-element elementor-element-fcfdc32 elementor-widget elementor-widget-breadcrumbs\" data-id=\"fcfdc32\" data-element_type=\"widget\" data-e-type=\"widget\" data-widget_type=\"breadcrumbs.default\">\n\t\t\t\t<div class=\"elementor-widget-container\">\n\t\t\t\t\t<p id=\"breadcrumbs\"><span><span><a href=\"https:\/\/www.optivenue.com\/\">Optivenue<\/a><\/span><\/span><\/p>\t\t\t\t<\/div>\n\t\t\t\t<\/div>\n\t\t\t\t\t<\/div>\n\t\t\t\t<\/div>\n\t\t<div class=\"elementor-element elementor-element-8180530 e-flex e-con-boxed e-con e-parent\" data-id=\"8180530\" data-element_type=\"container\" data-e-type=\"container\">\n\t\t\t\t\t<div class=\"e-con-inner\">\n\t\t<div class=\"elementor-element elementor-element-db59221 e-con-full e-flex e-con e-child\" data-id=\"db59221\" data-element_type=\"container\" data-e-type=\"container\">\n\t\t\t\t<div class=\"elementor-element elementor-element-75fa845 elementor-headline--style-highlight elementor-widget elementor-widget-animated-headline\" data-id=\"75fa845\" data-element_type=\"widget\" data-e-type=\"widget\" data-settings=\"{&quot;marker&quot;:&quot;curly&quot;,&quot;highlighted_text&quot;:&quot;\\u0130leti\\u015fime Ge\\u00e7in&quot;,&quot;headline_style&quot;:&quot;highlight&quot;,&quot;loop&quot;:&quot;yes&quot;,&quot;highlight_animation_duration&quot;:1200,&quot;highlight_iteration_delay&quot;:8000}\" data-widget_type=\"animated-headline.default\">\n\t\t\t\t<div class=\"elementor-widget-container\">\n\t\t\t\t\t\t\t<h1 class=\"elementor-headline\">\n\t\t\t\t\t<span class=\"elementor-headline-plain-text elementor-headline-text-wrapper\">Birlikte B\u00fcy\u00fcmek \u0130\u00e7in <\/span>\n\t\t\t\t<span class=\"elementor-headline-dynamic-wrapper elementor-headline-text-wrapper\">\n\t\t\t\t\t<span class=\"elementor-headline-dynamic-text elementor-headline-text-active\">\u0130leti\u015fime Ge\u00e7in<\/span>\n\t\t\t\t<\/span>\n\t\t\t\t<\/h1>\n\t\t\t\t\t\t<\/div>\n\t\t\t\t<\/div>\n\t\t\t\t<div class=\"elementor-element elementor-element-181f836 elementor-widget elementor-widget-text-editor\" data-id=\"181f836\" data-element_type=\"widget\" data-e-type=\"widget\" data-widget_type=\"text-editor.default\">\n\t\t\t\t<div class=\"elementor-widget-container\">\n\t\t\t\t\t\t\t\t\t<p>Optivenu olarak birlikte b\u00fcy\u00fckmek i\u00e7in buraday\u0131z! Sizin i\u00e7in neler yapabiliriz merak ediyorsan\u0131z hemen bizimle ileti\u015fime ge\u00e7ebilirsiniz.<\/p>\t\t\t\t\t\t\t\t<\/div>\n\t\t\t\t<\/div>\n\t\t<div class=\"elementor-element elementor-element-700e9a3 e-con-full e-flex e-con e-child\" data-id=\"700e9a3\" data-element_type=\"container\" data-e-type=\"container\">\n\t\t<div class=\"elementor-element elementor-element-e301f71 e-con-full e-flex e-con e-child\" data-id=\"e301f71\" data-element_type=\"container\" data-e-type=\"container\" data-settings=\"{&quot;background_background&quot;:&quot;classic&quot;}\">\n\t\t\t\t<div class=\"elementor-element elementor-element-2b938f7 elementor-widget elementor-widget-heading\" data-id=\"2b938f7\" data-element_type=\"widget\" data-e-type=\"widget\" data-widget_type=\"heading.default\">\n\t\t\t\t<div class=\"elementor-widget-container\">\n\t\t\t\t\t<h1 class=\"elementor-heading-title elementor-size-default\">\u0130leti\u015fim<\/h1>\t\t\t\t<\/div>\n\t\t\t\t<\/div>\n\t\t\t\t<div class=\"elementor-element elementor-element-6879954 elementor-widget elementor-widget-text-editor\" data-id=\"6879954\" data-element_type=\"widget\" data-e-type=\"widget\" data-widget_type=\"text-editor.default\">\n\t\t\t\t<div class=\"elementor-widget-container\">\n\t\t\t\t\t\t\t\t\t<p>Dijital d\u00fcnyada ba\u015far\u0131l\u0131 olmak i\u00e7in profesyonel deste\u011fe mi ihtiyac\u0131n\u0131z var? Sosyal medya y\u00f6netimi, SEO \u00e7al\u0131\u015fmalar\u0131, reklam kampanyalar\u0131 ve daha fazlas\u0131 i\u00e7in bizimle ileti\u015fime ge\u00e7in.<\/p>\t\t\t\t\t\t\t\t<\/div>\n\t\t\t\t<\/div>\n\t\t\t\t<div class=\"elementor-element elementor-element-46e41c0 elementor-widget elementor-widget-icon-box\" data-id=\"46e41c0\" data-element_type=\"widget\" data-e-type=\"widget\" data-widget_type=\"icon-box.default\">\n\t\t\t\t<div class=\"elementor-widget-container\">\n\t\t\t\t\t\t\t<div class=\"elementor-icon-box-wrapper\">\n\n\t\t\t\n\t\t\t\t\t\t<div class=\"elementor-icon-box-content\">\n\n\t\t\t\t\t\t\t\t\t<h3 class=\"elementor-icon-box-title\">\n\t\t\t\t\t\t<span  >\n\t\t\t\t\t\t\tADRES\t\t\t\t\t\t<\/span>\n\t\t\t\t\t<\/h3>\n\t\t\t\t\n\t\t\t\t\t\t\t\t\t<p class=\"elementor-icon-box-description\">\n\t\t\t\t\t\t\u00c7ayyolu, Prof. Ahmet Taner K\u0131\u015flal\u0131 Mahallesi, 2808.Sokak No:9 06810 \u00c7ankaya\/Ankara\t\t\t\t\t<\/p>\n\t\t\t\t\n\t\t\t<\/div>\n\t\t\t\n\t\t<\/div>\n\t\t\t\t\t\t<\/div>\n\t\t\t\t<\/div>\n\t\t\t\t<div class=\"elementor-element elementor-element-8406afd elementor-widget elementor-widget-icon-box\" data-id=\"8406afd\" data-element_type=\"widget\" data-e-type=\"widget\" data-widget_type=\"icon-box.default\">\n\t\t\t\t<div class=\"elementor-widget-container\">\n\t\t\t\t\t\t\t<div class=\"elementor-icon-box-wrapper\">\n\n\t\t\t\n\t\t\t\t\t\t<div class=\"elementor-icon-box-content\">\n\n\t\t\t\t\t\t\t\t\t<h3 class=\"elementor-icon-box-title\">\n\t\t\t\t\t\t<span  >\n\t\t\t\t\t\t\tE-POSTA\t\t\t\t\t\t<\/span>\n\t\t\t\t\t<\/h3>\n\t\t\t\t\n\t\t\t\t\t\t\t\t\t<p class=\"elementor-icon-box-description\">\n\t\t\t\t\t\tinfo@optivenue.com\t\t\t\t\t<\/p>\n\t\t\t\t\n\t\t\t<\/div>\n\t\t\t\n\t\t<\/div>\n\t\t\t\t\t\t<\/div>\n\t\t\t\t<\/div>\n\t\t\t\t<\/div>\n\t\t<div class=\"elementor-element elementor-element-8eb2ca4 e-con-full e-flex e-con e-child\" data-id=\"8eb2ca4\" data-element_type=\"container\" data-e-type=\"container\" data-settings=\"{&quot;background_background&quot;:&quot;classic&quot;}\">\n\t\t\t\t<div class=\"elementor-element elementor-element-7563f4f elementor-widget elementor-widget-heading\" data-id=\"7563f4f\" data-element_type=\"widget\" data-e-type=\"widget\" data-widget_type=\"heading.default\">\n\t\t\t\t<div class=\"elementor-widget-container\">\n\t\t\t\t\t<h3 class=\"elementor-heading-title elementor-size-default\">\u0130leti\u015fim Formu<\/h3>\t\t\t\t<\/div>\n\t\t\t\t<\/div>\n\t\t\t\t<div class=\"elementor-element elementor-element-20ccbfb elementor-button-align-stretch elementor-widget elementor-widget-form\" data-id=\"20ccbfb\" data-element_type=\"widget\" data-e-type=\"widget\" data-settings=\"{&quot;step_next_label&quot;:&quot;Next&quot;,&quot;step_previous_label&quot;:&quot;Previous&quot;,&quot;button_width&quot;:&quot;100&quot;,&quot;step_type&quot;:&quot;number_text&quot;,&quot;step_icon_shape&quot;:&quot;circle&quot;}\" data-widget_type=\"form.default\">\n\t\t\t\t<div class=\"elementor-widget-container\">\n\t\t\t\t\t\t\t<form class=\"elementor-form\" method=\"post\" name=\"\u0130leti\u015fim Formu\" aria-label=\"\u0130leti\u015fim Formu\">\n\t\t\t<input type=\"hidden\" name=\"post_id\" value=\"40\"\/>\n\t\t\t<input type=\"hidden\" name=\"form_id\" value=\"20ccbfb\"\/>\n\t\t\t<input type=\"hidden\" name=\"referer_title\" value=\"\u0130leti\u015fim - Optivenue\" \/>\n\n\t\t\t\t\t\t\t<input type=\"hidden\" name=\"queried_id\" value=\"40\"\/>\n\t\t\t\n\t\t\t<div class=\"elementor-form-fields-wrapper elementor-labels-above\">\n\t\t\t\t\t\t\t\t<div class=\"elementor-field-type-text elementor-field-group elementor-column elementor-field-group-name elementor-col-50 elementor-field-required elementor-mark-required\">\n\t\t\t\t\t\t\t\t\t\t\t\t<label for=\"form-field-name\" class=\"elementor-field-label\">\n\t\t\t\t\t\t\t\t\u0130S\u0130M SOY\u0130S\u0130M\t\t\t\t\t\t\t<\/label>\n\t\t\t\t\t\t\t\t\t\t\t\t\t\t<input size=\"1\" type=\"text\" name=\"form_fields[name]\" id=\"form-field-name\" class=\"elementor-field elementor-size-md  elementor-field-textual\" required=\"required\">\n\t\t\t\t\t\t\t\t\t\t\t<\/div>\n\t\t\t\t\t\t\t\t<div class=\"elementor-field-type-email elementor-field-group elementor-column elementor-field-group-field_c4e35eb elementor-col-50 elementor-field-required elementor-mark-required\">\n\t\t\t\t\t\t\t\t\t\t\t\t<label for=\"form-field-field_c4e35eb\" class=\"elementor-field-label\">\n\t\t\t\t\t\t\t\tE-POSTA\t\t\t\t\t\t\t<\/label>\n\t\t\t\t\t\t\t\t\t\t\t\t\t\t<input size=\"1\" type=\"email\" name=\"form_fields[field_c4e35eb]\" id=\"form-field-field_c4e35eb\" class=\"elementor-field elementor-size-md  elementor-field-textual\" required=\"required\">\n\t\t\t\t\t\t\t\t\t\t\t<\/div>\n\t\t\t\t\t\t\t\t<div class=\"elementor-field-type-tel elementor-field-group elementor-column elementor-field-group-field_acb36c4 elementor-col-50\">\n\t\t\t\t\t\t\t\t\t\t\t\t<label for=\"form-field-field_acb36c4\" class=\"elementor-field-label\">\n\t\t\t\t\t\t\t\tTELEFON\t\t\t\t\t\t\t<\/label>\n\t\t\t\t\t\t\t\t<input size=\"1\" type=\"tel\" name=\"form_fields[field_acb36c4]\" id=\"form-field-field_acb36c4\" class=\"elementor-field elementor-size-md  elementor-field-textual\" pattern=\"[0-9()#&amp;+*-=.]+\" title=\"Only numbers and phone characters (#, -, *, etc) are accepted.\">\n\n\t\t\t\t\t\t<\/div>\n\t\t\t\t\t\t\t\t<div class=\"elementor-field-type-text elementor-field-group elementor-column elementor-field-group-field_a15a5f9 elementor-col-50\">\n\t\t\t\t\t\t\t\t\t\t\t\t<label for=\"form-field-field_a15a5f9\" class=\"elementor-field-label\">\n\t\t\t\t\t\t\t\tF\u0130RMA \/ MARKA\t\t\t\t\t\t\t<\/label>\n\t\t\t\t\t\t\t\t\t\t\t\t\t\t<input size=\"1\" type=\"text\" name=\"form_fields[field_a15a5f9]\" id=\"form-field-field_a15a5f9\" class=\"elementor-field elementor-size-md  elementor-field-textual\">\n\t\t\t\t\t\t\t\t\t\t\t<\/div>\n\t\t\t\t\t\t\t\t<div class=\"elementor-field-type-textarea elementor-field-group elementor-column elementor-field-group-field_a699cd5 elementor-col-100\">\n\t\t\t\t\t\t\t\t\t\t\t\t<label for=\"form-field-field_a699cd5\" class=\"elementor-field-label\">\n\t\t\t\t\t\t\t\tMESAJINIZ\t\t\t\t\t\t\t<\/label>\n\t\t\t\t\t\t<textarea class=\"elementor-field-textual elementor-field  elementor-size-md\" name=\"form_fields[field_a699cd5]\" id=\"form-field-field_a699cd5\" rows=\"4\"><\/textarea>\t\t\t\t<\/div>\n\t\t\t\t\t\t\t\t<div class=\"elementor-field-type-acceptance elementor-field-group elementor-column elementor-field-group-field_fd46349 elementor-col-100 elementor-field-required elementor-mark-required\">\n\t\t\t\t\t\t\t<div class=\"elementor-field-subgroup\">\n\t\t\t<span class=\"elementor-field-option\">\n\t\t\t\t<input type=\"checkbox\" name=\"form_fields[field_fd46349]\" id=\"form-field-field_fd46349\" class=\"elementor-field elementor-size-md  elementor-acceptance-field\" required=\"required\" checked=\"checked\">\n\t\t\t\t<label for=\"form-field-field_fd46349\">KVK Ayd\u0131nlatma Metni'ni okudum, kabul ediyorum.<\/label>\t\t\t<\/span>\n\t\t<\/div>\n\t\t\t\t\t\t<\/div>\n\t\t\t\t\t\t\t\t<div class=\"elementor-field-type-recaptcha_v3 elementor-field-group elementor-column elementor-field-group-field_a6deffd elementor-col-100 recaptcha_v3-bottomleft\">\n\t\t\t\t\t<div class=\"elementor-field\" id=\"form-field-field_a6deffd\"><div class=\"elementor-g-recaptcha\" data-sitekey=\"6LeErCYqAAAAAFmsKvkeOk9K_ITXSCxmidW94qcM\" data-type=\"v3\" data-action=\"Form\" data-badge=\"bottomleft\" data-size=\"invisible\"><\/div><\/div>\t\t\t\t<\/div>\n\t\t\t\t\t\t\t\t<div class=\"elementor-field-group elementor-column elementor-field-type-submit elementor-col-100 e-form__buttons\">\n\t\t\t\t\t<button class=\"elementor-button elementor-size-sm\" type=\"submit\">\n\t\t\t\t\t\t<span class=\"elementor-button-content-wrapper\">\n\t\t\t\t\t\t\t\t\t\t\t\t\t\t\t<span class=\"elementor-button-icon\">\n\t\t\t\t\t\t\t\t\t<svg aria-hidden=\"true\" class=\"e-font-icon-svg e-fas-arrow-right\" viewBox=\"0 0 448 512\" xmlns=\"http:\/\/www.w3.org\/2000\/svg\"><path d=\"M190.5 66.9l22.2-22.2c9.4-9.4 24.6-9.4 33.9 0L441 239c9.4 9.4 9.4 24.6 0 33.9L246.6 467.3c-9.4 9.4-24.6 9.4-33.9 0l-22.2-22.2c-9.5-9.5-9.3-25 .4-34.3L311.4 296H24c-13.3 0-24-10.7-24-24v-32c0-13.3 10.7-24 24-24h287.4L190.9 101.2c-9.8-9.3-10-24.8-.4-34.3z\"><\/path><\/svg>\t\t\t\t\t\t\t\t\t\t\t\t\t\t\t\t\t<\/span>\n\t\t\t\t\t\t\t\t\t\t\t\t\t\t\t\t\t\t\t\t\t\t<span class=\"elementor-button-text\">\u0130LET\u0130\u015e\u0130ME GE\u00c7\u0130N<\/span>\n\t\t\t\t\t\t\t\t\t\t\t\t\t<\/span>\n\t\t\t\t\t<\/button>\n\t\t\t\t<\/div>\n\t\t\t<\/div>\n\t\t<\/form>\n\t\t\t\t\t\t<\/div>\n\t\t\t\t<\/div>\n\t\t\t\t<\/div>\n\t\t\t\t<\/div>\n\t\t\t\t<\/div>\n\t\t\t\t\t<\/div>\n\t\t\t\t<\/div>\n\t\t<div class=\"elementor-element elementor-element-680d972 e-flex e-con-boxed e-con e-parent\" data-id=\"680d972\" data-element_type=\"container\" data-e-type=\"container\">\n\t\t\t\t\t<div class=\"e-con-inner\">\n\t\t<div class=\"elementor-element elementor-element-12b6245 e-con-full e-flex e-con e-child\" data-id=\"12b6245\" data-element_type=\"container\" data-e-type=\"container\">\n\t\t\t\t<div class=\"elementor-element elementor-element-01b8676 elementor-widget elementor-widget-heading\" data-id=\"01b8676\" data-element_type=\"widget\" data-e-type=\"widget\" data-widget_type=\"heading.default\">\n\t\t\t\t<div class=\"elementor-widget-container\">\n\t\t\t\t\t<h2 class=\"elementor-heading-title elementor-size-default\">Neredeyiz?<\/h2>\t\t\t\t<\/div>\n\t\t\t\t<\/div>\n\t\t\t\t<div class=\"elementor-element elementor-element-256a595 elementor-widget elementor-widget-google_maps\" data-id=\"256a595\" data-element_type=\"widget\" data-e-type=\"widget\" data-widget_type=\"google_maps.default\">\n\t\t\t\t<div class=\"elementor-widget-container\">\n\t\t\t\t\t\t\t<div class=\"elementor-custom-embed\">\n\t\t\t<iframe loading=\"lazy\"\n\t\t\t\t\tsrc=\"https:\/\/maps.google.com\/maps?q=Optivenue&#038;t=m&#038;z=18&#038;output=embed&#038;iwloc=near\"\n\t\t\t\t\ttitle=\"Optivenue\"\n\t\t\t\t\taria-label=\"Optivenue\"\n\t\t\t><\/iframe>\n\t\t<\/div>\n\t\t\t\t\t\t<\/div>\n\t\t\t\t<\/div>\n\t\t\t\t<\/div>\n\t\t\t\t\t<\/div>\n\t\t\t\t<\/div>\n\t\t\t\t<\/div>\n\t\t","protected":false},"excerpt":{"rendered":"<p>Birlikte B\u00fcy\u00fcmek \u0130\u00e7in \u0130leti\u015fime Ge\u00e7in Optivenu olarak birlikte b\u00fcy\u00fckmek i\u00e7in buraday\u0131z! Sizin i\u00e7in neler yapabiliriz merak ediyorsan\u0131z hemen bizimle ileti\u015fime ge\u00e7ebilirsiniz. \u0130leti\u015fim Dijital d\u00fcnyada ba\u015far\u0131l\u0131 olmak i\u00e7in profesyonel deste\u011fe mi ihtiyac\u0131n\u0131z var? Sosyal medya y\u00f6netimi, SEO \u00e7al\u0131\u015fmalar\u0131, reklam kampanyalar\u0131 ve daha fazlas\u0131 i\u00e7in bizimle ileti\u015fime ge\u00e7in. ADRES \u00c7ayyolu, Prof. Ahmet Taner K\u0131\u015flal\u0131 Mahallesi, 2808.Sokak No:9 [&hellip;]<\/p>\n","protected":false},"author":1,"featured_media":0,"parent":0,"menu_order":0,"comment_status":"closed","ping_status":"closed","template":"elementor_header_footer","meta":{"_monsterinsights_skip_tracking":false,"_monsterinsights_sitenote_active":false,"_monsterinsights_sitenote_note":"","_monsterinsights_sitenote_category":0,"footnotes":""},"class_list":["post-40","page","type-page","status-publish","hentry"],"yoast_head":"<!-- This site is optimized with the Yoast SEO plugin v27.3 - https:\/\/yoast.com\/product\/yoast-seo-wordpress\/ -->\n<title>\u0130leti\u015fim - Optivenue<\/title>\n<meta name=\"robots\" content=\"index, follow, max-snippet:-1, max-image-preview:large, max-video-preview:-1\" \/>\n<link rel=\"canonical\" href=\"https:\/\/www.optivenue.com\/en\/iletisim\/\" \/>\n<meta property=\"og:locale\" content=\"en_US\" \/>\n<meta property=\"og:type\" content=\"article\" \/>\n<meta property=\"og:title\" content=\"\u0130leti\u015fim - Optivenue\" \/>\n<meta property=\"og:description\" content=\"Birlikte B\u00fcy\u00fcmek \u0130\u00e7in \u0130leti\u015fime Ge\u00e7in Optivenu olarak birlikte b\u00fcy\u00fckmek i\u00e7in buraday\u0131z! Sizin i\u00e7in neler yapabiliriz merak ediyorsan\u0131z hemen bizimle ileti\u015fime ge\u00e7ebilirsiniz. \u0130leti\u015fim Dijital d\u00fcnyada ba\u015far\u0131l\u0131 olmak i\u00e7in profesyonel deste\u011fe mi ihtiyac\u0131n\u0131z var? Sosyal medya y\u00f6netimi, SEO \u00e7al\u0131\u015fmalar\u0131, reklam kampanyalar\u0131 ve daha fazlas\u0131 i\u00e7in bizimle ileti\u015fime ge\u00e7in. ADRES \u00c7ayyolu, Prof. Ahmet Taner K\u0131\u015flal\u0131 Mahallesi, 2808.Sokak No:9 [&hellip;]\" \/>\n<meta property=\"og:url\" content=\"https:\/\/www.optivenue.com\/en\/iletisim\/\" \/>\n<meta property=\"og:site_name\" content=\"Optivenue\" \/>\n<meta property=\"article:modified_time\" content=\"2025-12-17T14:46:49+00:00\" \/>\n<meta name=\"twitter:card\" content=\"summary_large_image\" \/>\n<meta name=\"twitter:label1\" content=\"Est. reading time\" \/>\n\t<meta name=\"twitter:data1\" content=\"1 minute\" \/>\n<script type=\"application\/ld+json\" class=\"yoast-schema-graph\">{\"@context\":\"https:\\\/\\\/schema.org\",\"@graph\":[{\"@type\":\"WebPage\",\"@id\":\"https:\\\/\\\/www.optivenue.com\\\/iletisim\\\/\",\"url\":\"https:\\\/\\\/www.optivenue.com\\\/iletisim\\\/\",\"name\":\"\u0130leti\u015fim - Optivenue\",\"isPartOf\":{\"@id\":\"https:\\\/\\\/www.optivenue.com\\\/#website\"},\"datePublished\":\"2024-08-14T12:06:16+00:00\",\"dateModified\":\"2025-12-17T14:46:49+00:00\",\"breadcrumb\":{\"@id\":\"https:\\\/\\\/www.optivenue.com\\\/iletisim\\\/#breadcrumb\"},\"inLanguage\":\"en-US\",\"potentialAction\":[{\"@type\":\"ReadAction\",\"target\":[\"https:\\\/\\\/www.optivenue.com\\\/iletisim\\\/\"]}]},{\"@type\":\"BreadcrumbList\",\"@id\":\"https:\\\/\\\/www.optivenue.com\\\/iletisim\\\/#breadcrumb\",\"itemListElement\":[{\"@type\":\"ListItem\",\"position\":1,\"name\":\"Optivenue\",\"item\":\"https:\\\/\\\/www.optivenue.com\\\/\"},{\"@type\":\"ListItem\",\"position\":2,\"name\":\"\u0130leti\u015fim\"}]},{\"@type\":\"WebSite\",\"@id\":\"https:\\\/\\\/www.optivenue.com\\\/#website\",\"url\":\"https:\\\/\\\/www.optivenue.com\\\/\",\"name\":\"Optivenue - Dijital Performans Ajans\u0131\",\"description\":\"Dijital Performans Ajans\u0131\",\"publisher\":{\"@id\":\"https:\\\/\\\/www.optivenue.com\\\/#organization\"},\"potentialAction\":[{\"@type\":\"SearchAction\",\"target\":{\"@type\":\"EntryPoint\",\"urlTemplate\":\"https:\\\/\\\/www.optivenue.com\\\/?s={search_term_string}\"},\"query-input\":{\"@type\":\"PropertyValueSpecification\",\"valueRequired\":true,\"valueName\":\"search_term_string\"}}],\"inLanguage\":\"en-US\"},{\"@type\":\"Organization\",\"@id\":\"https:\\\/\\\/www.optivenue.com\\\/#organization\",\"name\":\"Optivenue - Dijital Performans Ajans\u0131\",\"url\":\"https:\\\/\\\/www.optivenue.com\\\/\",\"logo\":{\"@type\":\"ImageObject\",\"inLanguage\":\"en-US\",\"@id\":\"https:\\\/\\\/www.optivenue.com\\\/#\\\/schema\\\/logo\\\/image\\\/\",\"url\":\"https:\\\/\\\/www.optivenue.com\\\/wp-content\\\/uploads\\\/2024\\\/08\\\/optivenue-logo.svg\",\"contentUrl\":\"https:\\\/\\\/www.optivenue.com\\\/wp-content\\\/uploads\\\/2024\\\/08\\\/optivenue-logo.svg\",\"width\":183,\"height\":35,\"caption\":\"Optivenue - Dijital Performans Ajans\u0131\"},\"image\":{\"@id\":\"https:\\\/\\\/www.optivenue.com\\\/#\\\/schema\\\/logo\\\/image\\\/\"},\"sameAs\":[\"https:\\\/\\\/www.linkedin.com\\\/company\\\/optivenue\\\/\",\"https:\\\/\\\/www.instagram.com\\\/optivenue\\\/\"]}]}<\/script>\n<!-- \/ Yoast SEO plugin. -->","yoast_head_json":{"title":"\u0130leti\u015fim - Optivenue","robots":{"index":"index","follow":"follow","max-snippet":"max-snippet:-1","max-image-preview":"max-image-preview:large","max-video-preview":"max-video-preview:-1"},"canonical":"https:\/\/www.optivenue.com\/en\/iletisim\/","og_locale":"en_US","og_type":"article","og_title":"\u0130leti\u015fim - Optivenue","og_description":"Birlikte B\u00fcy\u00fcmek \u0130\u00e7in \u0130leti\u015fime Ge\u00e7in Optivenu olarak birlikte b\u00fcy\u00fckmek i\u00e7in buraday\u0131z! Sizin i\u00e7in neler yapabiliriz merak ediyorsan\u0131z hemen bizimle ileti\u015fime ge\u00e7ebilirsiniz. \u0130leti\u015fim Dijital d\u00fcnyada ba\u015far\u0131l\u0131 olmak i\u00e7in profesyonel deste\u011fe mi ihtiyac\u0131n\u0131z var? Sosyal medya y\u00f6netimi, SEO \u00e7al\u0131\u015fmalar\u0131, reklam kampanyalar\u0131 ve daha fazlas\u0131 i\u00e7in bizimle ileti\u015fime ge\u00e7in. ADRES \u00c7ayyolu, Prof. Ahmet Taner K\u0131\u015flal\u0131 Mahallesi, 2808.Sokak No:9 [&hellip;]","og_url":"https:\/\/www.optivenue.com\/en\/iletisim\/","og_site_name":"Optivenue","article_modified_time":"2025-12-17T14:46:49+00:00","twitter_card":"summary_large_image","twitter_misc":{"Est. reading time":"1 minute"},"schema":{"@context":"https:\/\/schema.org","@graph":[{"@type":"WebPage","@id":"https:\/\/www.optivenue.com\/iletisim\/","url":"https:\/\/www.optivenue.com\/iletisim\/","name":"\u0130leti\u015fim - Optivenue","isPartOf":{"@id":"https:\/\/www.optivenue.com\/#website"},"datePublished":"2024-08-14T12:06:16+00:00","dateModified":"2025-12-17T14:46:49+00:00","breadcrumb":{"@id":"https:\/\/www.optivenue.com\/iletisim\/#breadcrumb"},"inLanguage":"en-US","potentialAction":[{"@type":"ReadAction","target":["https:\/\/www.optivenue.com\/iletisim\/"]}]},{"@type":"BreadcrumbList","@id":"https:\/\/www.optivenue.com\/iletisim\/#breadcrumb","itemListElement":[{"@type":"ListItem","position":1,"name":"Optivenue","item":"https:\/\/www.optivenue.com\/"},{"@type":"ListItem","position":2,"name":"\u0130leti\u015fim"}]},{"@type":"WebSite","@id":"https:\/\/www.optivenue.com\/#website","url":"https:\/\/www.optivenue.com\/","name":"Optivenue - Dijital Performans Ajans\u0131","description":"Dijital Performans Ajans\u0131","publisher":{"@id":"https:\/\/www.optivenue.com\/#organization"},"potentialAction":[{"@type":"SearchAction","target":{"@type":"EntryPoint","urlTemplate":"https:\/\/www.optivenue.com\/?s={search_term_string}"},"query-input":{"@type":"PropertyValueSpecification","valueRequired":true,"valueName":"search_term_string"}}],"inLanguage":"en-US"},{"@type":"Organization","@id":"https:\/\/www.optivenue.com\/#organization","name":"Optivenue - Dijital Performans Ajans\u0131","url":"https:\/\/www.optivenue.com\/","logo":{"@type":"ImageObject","inLanguage":"en-US","@id":"https:\/\/www.optivenue.com\/#\/schema\/logo\/image\/","url":"https:\/\/www.optivenue.com\/wp-content\/uploads\/2024\/08\/optivenue-logo.svg","contentUrl":"https:\/\/www.optivenue.com\/wp-content\/uploads\/2024\/08\/optivenue-logo.svg","width":183,"height":35,"caption":"Optivenue - Dijital Performans Ajans\u0131"},"image":{"@id":"https:\/\/www.optivenue.com\/#\/schema\/logo\/image\/"},"sameAs":["https:\/\/www.linkedin.com\/company\/optivenue\/","https:\/\/www.instagram.com\/optivenue\/"]}]}},"_links":{"self":[{"href":"https:\/\/www.optivenue.com\/en\/wp-json\/wp\/v2\/pages\/40","targetHints":{"allow":["GET"]}}],"collection":[{"href":"https:\/\/www.optivenue.com\/en\/wp-json\/wp\/v2\/pages"}],"about":[{"href":"https:\/\/www.optivenue.com\/en\/wp-json\/wp\/v2\/types\/page"}],"author":[{"embeddable":true,"href":"https:\/\/www.optivenue.com\/en\/wp-json\/wp\/v2\/users\/1"}],"replies":[{"embeddable":true,"href":"https:\/\/www.optivenue.com\/en\/wp-json\/wp\/v2\/comments?post=40"}],"version-history":[{"count":1,"href":"https:\/\/www.optivenue.com\/en\/wp-json\/wp\/v2\/pages\/40\/revisions"}],"predecessor-version":[{"id":1243,"href":"https:\/\/www.optivenue.com\/en\/wp-json\/wp\/v2\/pages\/40\/revisions\/1243"}],"wp:attachment":[{"href":"https:\/\/www.optivenue.com\/en\/wp-json\/wp\/v2\/media?parent=40"}],"curies":[{"name":"wp","href":"https:\/\/api.w.org\/{rel}","templated":true}]}}