{"id":42,"date":"2024-08-14T15:06:33","date_gmt":"2024-08-14T12:06:33","guid":{"rendered":"https:\/\/www.optivenue.com\/?page_id=42"},"modified":"2025-12-17T17:46:49","modified_gmt":"2025-12-17T14:46:49","slug":"hemen-teklif-alin","status":"publish","type":"page","link":"https:\/\/www.optivenue.com\/en\/hemen-teklif-alin\/","title":{"rendered":"Get Offer Now"},"content":{"rendered":"\t\t<div data-elementor-type=\"wp-page\" data-elementor-id=\"42\" class=\"elementor elementor-42\" data-elementor-post-type=\"page\">\n\t\t\t\t<div class=\"elementor-element elementor-element-e610b52 e-flex e-con-boxed e-con e-parent\" data-id=\"e610b52\" data-element_type=\"container\" data-e-type=\"container\" data-settings=\"{&quot;background_background&quot;:&quot;classic&quot;}\">\n\t\t\t\t\t<div class=\"e-con-inner\">\n\t\t\t\t<div class=\"elementor-element elementor-element-70ef965 elementor-widget elementor-widget-breadcrumbs\" data-id=\"70ef965\" data-element_type=\"widget\" data-e-type=\"widget\" data-widget_type=\"breadcrumbs.default\">\n\t\t\t\t<div class=\"elementor-widget-container\">\n\t\t\t\t\t<p id=\"breadcrumbs\"><span><span><a href=\"https:\/\/www.optivenue.com\/\">Optivenue<\/a><\/span><\/span><\/p>\t\t\t\t<\/div>\n\t\t\t\t<\/div>\n\t\t\t\t\t<\/div>\n\t\t\t\t<\/div>\n\t\t<div class=\"elementor-element elementor-element-d4b0449 e-flex e-con-boxed e-con e-parent\" data-id=\"d4b0449\" data-element_type=\"container\" data-e-type=\"container\">\n\t\t\t\t\t<div class=\"e-con-inner\">\n\t\t<div class=\"elementor-element elementor-element-42eaef7 e-con-full e-flex e-con e-child\" data-id=\"42eaef7\" data-element_type=\"container\" data-e-type=\"container\">\n\t\t<div class=\"elementor-element elementor-element-1d47fcd e-con-full e-flex e-con e-child\" data-id=\"1d47fcd\" data-element_type=\"container\" data-e-type=\"container\" data-settings=\"{&quot;background_background&quot;:&quot;classic&quot;}\">\n\t\t<div class=\"elementor-element elementor-element-8afec7a e-con-full e-flex e-con e-child\" data-id=\"8afec7a\" data-element_type=\"container\" data-e-type=\"container\" data-settings=\"{&quot;sticky&quot;:&quot;top&quot;,&quot;sticky_on&quot;:[&quot;desktop&quot;],&quot;sticky_offset&quot;:100,&quot;sticky_effects_offset&quot;:100,&quot;sticky_parent&quot;:&quot;yes&quot;,&quot;sticky_anchor_link_offset&quot;:0}\">\n\t\t\t\t<div class=\"elementor-element elementor-element-f23a6cc elementor-headline--style-highlight elementor-widget elementor-widget-animated-headline\" data-id=\"f23a6cc\" data-element_type=\"widget\" data-e-type=\"widget\" data-settings=\"{&quot;marker&quot;:&quot;curly&quot;,&quot;highlighted_text&quot;:&quot;Hemen Teklif Al\\u0131n&quot;,&quot;headline_style&quot;:&quot;highlight&quot;,&quot;loop&quot;:&quot;yes&quot;,&quot;highlight_animation_duration&quot;:1200,&quot;highlight_iteration_delay&quot;:8000}\" data-widget_type=\"animated-headline.default\">\n\t\t\t\t<div class=\"elementor-widget-container\">\n\t\t\t\t\t\t\t<h2 class=\"elementor-headline\">\n\t\t\t\t\t<span class=\"elementor-headline-plain-text elementor-headline-text-wrapper\">Birlikte B\u00fcy\u00fcmek \u0130\u00e7in<\/span>\n\t\t\t\t<span class=\"elementor-headline-dynamic-wrapper elementor-headline-text-wrapper\">\n\t\t\t\t\t<span class=\"elementor-headline-dynamic-text elementor-headline-text-active\">Hemen Teklif Al\u0131n<\/span>\n\t\t\t\t<\/span>\n\t\t\t\t<\/h2>\n\t\t\t\t\t\t<\/div>\n\t\t\t\t<\/div>\n\t\t\t\t<\/div>\n\t\t\t\t<\/div>\n\t\t<div class=\"elementor-element elementor-element-e69189a e-con-full e-flex e-con e-child\" data-id=\"e69189a\" data-element_type=\"container\" data-e-type=\"container\" data-settings=\"{&quot;background_background&quot;:&quot;classic&quot;}\">\n\t\t\t\t<div class=\"elementor-element elementor-element-961ffbd elementor-widget elementor-widget-heading\" data-id=\"961ffbd\" data-element_type=\"widget\" data-e-type=\"widget\" data-widget_type=\"heading.default\">\n\t\t\t\t<div class=\"elementor-widget-container\">\n\t\t\t\t\t<h3 class=\"elementor-heading-title elementor-size-default\">Markan\u0131z \u0130\u00e7in En \u0130yi Teklifi Haz\u0131rlayal\u0131m!<\/h3>\t\t\t\t<\/div>\n\t\t\t\t<\/div>\n\t\t\t\t<div class=\"elementor-element elementor-element-09da46f elementor-button-align-stretch elementor-widget elementor-widget-form\" data-id=\"09da46f\" data-element_type=\"widget\" data-e-type=\"widget\" data-settings=\"{&quot;step_next_label&quot;:&quot;Next&quot;,&quot;step_previous_label&quot;:&quot;Previous&quot;,&quot;button_width&quot;:&quot;100&quot;,&quot;step_type&quot;:&quot;number_text&quot;,&quot;step_icon_shape&quot;:&quot;circle&quot;}\" data-widget_type=\"form.default\">\n\t\t\t\t<div class=\"elementor-widget-container\">\n\t\t\t\t\t\t\t<form class=\"elementor-form\" method=\"post\" name=\"Teklif Formu\" aria-label=\"Teklif Formu\">\n\t\t\t<input type=\"hidden\" name=\"post_id\" value=\"42\"\/>\n\t\t\t<input type=\"hidden\" name=\"form_id\" value=\"09da46f\"\/>\n\t\t\t<input type=\"hidden\" name=\"referer_title\" value=\"Hemen Teklif Al\u0131n - Optivenue\" \/>\n\n\t\t\t\t\t\t\t<input type=\"hidden\" name=\"queried_id\" value=\"42\"\/>\n\t\t\t\n\t\t\t<div class=\"elementor-form-fields-wrapper elementor-labels-above\">\n\t\t\t\t\t\t\t\t<div class=\"elementor-field-type-text elementor-field-group elementor-column elementor-field-group-name elementor-col-50 elementor-field-required elementor-mark-required\">\n\t\t\t\t\t\t\t\t\t\t\t\t<label for=\"form-field-name\" class=\"elementor-field-label\">\n\t\t\t\t\t\t\t\t\u0130S\u0130M SOY\u0130S\u0130M\t\t\t\t\t\t\t<\/label>\n\t\t\t\t\t\t\t\t\t\t\t\t\t\t<input size=\"1\" type=\"text\" name=\"form_fields[name]\" id=\"form-field-name\" class=\"elementor-field elementor-size-md  elementor-field-textual\" required=\"required\">\n\t\t\t\t\t\t\t\t\t\t\t<\/div>\n\t\t\t\t\t\t\t\t<div class=\"elementor-field-type-email elementor-field-group elementor-column elementor-field-group-field_c4e35eb elementor-col-50 elementor-field-required elementor-mark-required\">\n\t\t\t\t\t\t\t\t\t\t\t\t<label for=\"form-field-field_c4e35eb\" class=\"elementor-field-label\">\n\t\t\t\t\t\t\t\tE-POSTA\t\t\t\t\t\t\t<\/label>\n\t\t\t\t\t\t\t\t\t\t\t\t\t\t<input size=\"1\" type=\"email\" name=\"form_fields[field_c4e35eb]\" id=\"form-field-field_c4e35eb\" class=\"elementor-field elementor-size-md  elementor-field-textual\" required=\"required\">\n\t\t\t\t\t\t\t\t\t\t\t<\/div>\n\t\t\t\t\t\t\t\t<div class=\"elementor-field-type-tel elementor-field-group elementor-column elementor-field-group-field_acb36c4 elementor-col-50\">\n\t\t\t\t\t\t\t\t\t\t\t\t<label for=\"form-field-field_acb36c4\" class=\"elementor-field-label\">\n\t\t\t\t\t\t\t\tTELEFON\t\t\t\t\t\t\t<\/label>\n\t\t\t\t\t\t\t\t<input size=\"1\" type=\"tel\" name=\"form_fields[field_acb36c4]\" id=\"form-field-field_acb36c4\" class=\"elementor-field elementor-size-md  elementor-field-textual\" pattern=\"[0-9()#&amp;+*-=.]+\" title=\"Only numbers and phone characters (#, -, *, etc) are accepted.\">\n\n\t\t\t\t\t\t<\/div>\n\t\t\t\t\t\t\t\t<div class=\"elementor-field-type-text elementor-field-group elementor-column elementor-field-group-field_a15a5f9 elementor-col-50\">\n\t\t\t\t\t\t\t\t\t\t\t\t<label for=\"form-field-field_a15a5f9\" class=\"elementor-field-label\">\n\t\t\t\t\t\t\t\tF\u0130RMA \/ MARKA\t\t\t\t\t\t\t<\/label>\n\t\t\t\t\t\t\t\t\t\t\t\t\t\t<input size=\"1\" type=\"text\" name=\"form_fields[field_a15a5f9]\" id=\"form-field-field_a15a5f9\" class=\"elementor-field elementor-size-md  elementor-field-textual\">\n\t\t\t\t\t\t\t\t\t\t\t<\/div>\n\t\t\t\t\t\t\t\t<div class=\"elementor-field-type-url elementor-field-group elementor-column elementor-field-group-field_e3a4ee0 elementor-col-100\">\n\t\t\t\t\t\t\t\t\t\t\t\t<label for=\"form-field-field_e3a4ee0\" class=\"elementor-field-label\">\n\t\t\t\t\t\t\t\tWEB S\u0130TES\u0130\t\t\t\t\t\t\t<\/label>\n\t\t\t\t\t\t\t\t\t\t\t\t\t\t<input size=\"1\" type=\"url\" name=\"form_fields[field_e3a4ee0]\" id=\"form-field-field_e3a4ee0\" class=\"elementor-field elementor-size-md  elementor-field-textual\">\n\t\t\t\t\t\t\t\t\t\t\t<\/div>\n\t\t\t\t\t\t\t\t<div class=\"elementor-field-type-checkbox elementor-field-group elementor-column elementor-field-group-field_8dd9b5e elementor-col-100\">\n\t\t\t\t\t\t\t\t\t\t\t\t<label for=\"form-field-field_8dd9b5e\" class=\"elementor-field-label\">\n\t\t\t\t\t\t\t\tTEKL\u0130F ALMAK \u0130STED\u0130\u011e\u0130N\u0130Z KONU\t\t\t\t\t\t\t<\/label>\n\t\t\t\t\t\t<div class=\"elementor-field-subgroup  elementor-subgroup-inline\"><span class=\"elementor-field-option\"><input type=\"checkbox\" value=\"Google Ads Reklamlar\u0131\" id=\"form-field-field_8dd9b5e-0\" name=\"form_fields[field_8dd9b5e][]\"> <label for=\"form-field-field_8dd9b5e-0\">Google Ads Reklamlar\u0131<\/label><\/span><span class=\"elementor-field-option\"><input type=\"checkbox\" value=\"Sosyal Medya Reklamlar\u0131\" id=\"form-field-field_8dd9b5e-1\" name=\"form_fields[field_8dd9b5e][]\"> <label for=\"form-field-field_8dd9b5e-1\">Sosyal Medya Reklamlar\u0131<\/label><\/span><span class=\"elementor-field-option\"><input type=\"checkbox\" value=\"Data ve Analiz\" id=\"form-field-field_8dd9b5e-2\" name=\"form_fields[field_8dd9b5e][]\"> <label for=\"form-field-field_8dd9b5e-2\">Data ve Analiz<\/label><\/span><span class=\"elementor-field-option\"><input type=\"checkbox\" value=\"Optimizasyon ve B\u00fcy\u00fcme\" id=\"form-field-field_8dd9b5e-3\" name=\"form_fields[field_8dd9b5e][]\"> <label for=\"form-field-field_8dd9b5e-3\">Optimizasyon ve B\u00fcy\u00fcme<\/label><\/span><span class=\"elementor-field-option\"><input type=\"checkbox\" value=\"Arama Motoru Optimizasyonu (SEO)\" id=\"form-field-field_8dd9b5e-4\" name=\"form_fields[field_8dd9b5e][]\"> <label for=\"form-field-field_8dd9b5e-4\">Arama Motoru Optimizasyonu (SEO)<\/label><\/span><span class=\"elementor-field-option\"><input type=\"checkbox\" value=\"Tamamlayan Dijital Pazarlama Alanlar\u0131\" id=\"form-field-field_8dd9b5e-5\" name=\"form_fields[field_8dd9b5e][]\"> <label for=\"form-field-field_8dd9b5e-5\">Tamamlayan Dijital Pazarlama Alanlar\u0131<\/label><\/span><\/div>\t\t\t\t<\/div>\n\t\t\t\t\t\t\t\t<div class=\"elementor-field-type-textarea elementor-field-group elementor-column elementor-field-group-field_a699cd5 elementor-col-100\">\n\t\t\t\t\t\t\t\t\t\t\t\t<label for=\"form-field-field_a699cd5\" class=\"elementor-field-label\">\n\t\t\t\t\t\t\t\tEKLEMEK \u0130STED\u0130KLER\u0130N\u0130Z\t\t\t\t\t\t\t<\/label>\n\t\t\t\t\t\t<textarea class=\"elementor-field-textual elementor-field  elementor-size-md\" name=\"form_fields[field_a699cd5]\" id=\"form-field-field_a699cd5\" rows=\"4\"><\/textarea>\t\t\t\t<\/div>\n\t\t\t\t\t\t\t\t<div class=\"elementor-field-type-acceptance elementor-field-group elementor-column elementor-field-group-field_fd46349 elementor-col-100 elementor-field-required elementor-mark-required\">\n\t\t\t\t\t\t\t<div class=\"elementor-field-subgroup\">\n\t\t\t<span class=\"elementor-field-option\">\n\t\t\t\t<input type=\"checkbox\" name=\"form_fields[field_fd46349]\" id=\"form-field-field_fd46349\" class=\"elementor-field elementor-size-md  elementor-acceptance-field\" required=\"required\" checked=\"checked\">\n\t\t\t\t<label for=\"form-field-field_fd46349\">KVK Ayd\u0131nlatma Metni'ni okudum, kabul ediyorum.<\/label>\t\t\t<\/span>\n\t\t<\/div>\n\t\t\t\t\t\t<\/div>\n\t\t\t\t\t\t\t\t<div class=\"elementor-field-type-recaptcha_v3 elementor-field-group elementor-column elementor-field-group-field_a6deffd elementor-col-100 recaptcha_v3-bottomleft\">\n\t\t\t\t\t<div class=\"elementor-field\" id=\"form-field-field_a6deffd\"><div class=\"elementor-g-recaptcha\" data-sitekey=\"6LeErCYqAAAAAFmsKvkeOk9K_ITXSCxmidW94qcM\" data-type=\"v3\" data-action=\"Form\" data-badge=\"bottomleft\" data-size=\"invisible\"><\/div><\/div>\t\t\t\t<\/div>\n\t\t\t\t\t\t\t\t<div class=\"elementor-field-group elementor-column elementor-field-type-submit elementor-col-100 e-form__buttons\">\n\t\t\t\t\t<button class=\"elementor-button elementor-size-sm\" type=\"submit\">\n\t\t\t\t\t\t<span class=\"elementor-button-content-wrapper\">\n\t\t\t\t\t\t\t\t\t\t\t\t\t\t\t<span class=\"elementor-button-icon\">\n\t\t\t\t\t\t\t\t\t<svg aria-hidden=\"true\" class=\"e-font-icon-svg e-fas-arrow-right\" viewBox=\"0 0 448 512\" xmlns=\"http:\/\/www.w3.org\/2000\/svg\"><path d=\"M190.5 66.9l22.2-22.2c9.4-9.4 24.6-9.4 33.9 0L441 239c9.4 9.4 9.4 24.6 0 33.9L246.6 467.3c-9.4 9.4-24.6 9.4-33.9 0l-22.2-22.2c-9.5-9.5-9.3-25 .4-34.3L311.4 296H24c-13.3 0-24-10.7-24-24v-32c0-13.3 10.7-24 24-24h287.4L190.9 101.2c-9.8-9.3-10-24.8-.4-34.3z\"><\/path><\/svg>\t\t\t\t\t\t\t\t\t\t\t\t\t\t\t\t\t<\/span>\n\t\t\t\t\t\t\t\t\t\t\t\t\t\t\t\t\t\t\t\t\t\t<span class=\"elementor-button-text\">TEKL\u0130F ALIN<\/span>\n\t\t\t\t\t\t\t\t\t\t\t\t\t<\/span>\n\t\t\t\t\t<\/button>\n\t\t\t\t<\/div>\n\t\t\t<\/div>\n\t\t<\/form>\n\t\t\t\t\t\t<\/div>\n\t\t\t\t<\/div>\n\t\t\t\t<\/div>\n\t\t\t\t<\/div>\n\t\t\t\t\t<\/div>\n\t\t\t\t<\/div>\n\t\t\t\t<\/div>\n\t\t","protected":false},"excerpt":{"rendered":"<p>Birlikte B\u00fcy\u00fcmek \u0130\u00e7in Hemen Teklif Al\u0131n Markan\u0131z \u0130\u00e7in En \u0130yi Teklifi Haz\u0131rlayal\u0131m!<\/p>","protected":false},"author":1,"featured_media":0,"parent":0,"menu_order":0,"comment_status":"closed","ping_status":"closed","template":"elementor_header_footer","meta":{"_monsterinsights_skip_tracking":false,"_monsterinsights_sitenote_active":false,"_monsterinsights_sitenote_note":"","_monsterinsights_sitenote_category":0,"footnotes":""},"class_list":["post-42","page","type-page","status-publish","hentry"],"yoast_head":"<!-- This site is optimized with the Yoast SEO plugin v27.3 - https:\/\/yoast.com\/product\/yoast-seo-wordpress\/ -->\n<title>Hemen Teklif Al\u0131n - Optivenue<\/title>\n<meta name=\"robots\" content=\"index, follow, max-snippet:-1, max-image-preview:large, max-video-preview:-1\" \/>\n<link rel=\"canonical\" href=\"https:\/\/www.optivenue.com\/en\/hemen-teklif-alin\/\" \/>\n<meta property=\"og:locale\" content=\"en_US\" \/>\n<meta property=\"og:type\" content=\"article\" \/>\n<meta property=\"og:title\" content=\"Hemen Teklif Al\u0131n - Optivenue\" \/>\n<meta property=\"og:description\" content=\"Birlikte B\u00fcy\u00fcmek \u0130\u00e7in Hemen Teklif Al\u0131n Markan\u0131z \u0130\u00e7in En \u0130yi Teklifi Haz\u0131rlayal\u0131m!\" \/>\n<meta property=\"og:url\" content=\"https:\/\/www.optivenue.com\/en\/hemen-teklif-alin\/\" \/>\n<meta property=\"og:site_name\" content=\"Optivenue\" \/>\n<meta property=\"article:modified_time\" content=\"2025-12-17T14:46:49+00:00\" \/>\n<meta name=\"twitter:card\" content=\"summary_large_image\" \/>\n<meta name=\"twitter:label1\" content=\"Est. reading time\" \/>\n\t<meta name=\"twitter:data1\" content=\"1 minute\" \/>\n<script type=\"application\/ld+json\" class=\"yoast-schema-graph\">{\"@context\":\"https:\\\/\\\/schema.org\",\"@graph\":[{\"@type\":\"WebPage\",\"@id\":\"https:\\\/\\\/www.optivenue.com\\\/hemen-teklif-alin\\\/\",\"url\":\"https:\\\/\\\/www.optivenue.com\\\/hemen-teklif-alin\\\/\",\"name\":\"Hemen Teklif Al\u0131n - Optivenue\",\"isPartOf\":{\"@id\":\"https:\\\/\\\/www.optivenue.com\\\/#website\"},\"datePublished\":\"2024-08-14T12:06:33+00:00\",\"dateModified\":\"2025-12-17T14:46:49+00:00\",\"breadcrumb\":{\"@id\":\"https:\\\/\\\/www.optivenue.com\\\/hemen-teklif-alin\\\/#breadcrumb\"},\"inLanguage\":\"en-US\",\"potentialAction\":[{\"@type\":\"ReadAction\",\"target\":[\"https:\\\/\\\/www.optivenue.com\\\/hemen-teklif-alin\\\/\"]}]},{\"@type\":\"BreadcrumbList\",\"@id\":\"https:\\\/\\\/www.optivenue.com\\\/hemen-teklif-alin\\\/#breadcrumb\",\"itemListElement\":[{\"@type\":\"ListItem\",\"position\":1,\"name\":\"Optivenue\",\"item\":\"https:\\\/\\\/www.optivenue.com\\\/\"},{\"@type\":\"ListItem\",\"position\":2,\"name\":\"Hemen Teklif Al\u0131n\"}]},{\"@type\":\"WebSite\",\"@id\":\"https:\\\/\\\/www.optivenue.com\\\/#website\",\"url\":\"https:\\\/\\\/www.optivenue.com\\\/\",\"name\":\"Optivenue - Dijital Performans Ajans\u0131\",\"description\":\"Dijital Performans Ajans\u0131\",\"publisher\":{\"@id\":\"https:\\\/\\\/www.optivenue.com\\\/#organization\"},\"potentialAction\":[{\"@type\":\"SearchAction\",\"target\":{\"@type\":\"EntryPoint\",\"urlTemplate\":\"https:\\\/\\\/www.optivenue.com\\\/?s={search_term_string}\"},\"query-input\":{\"@type\":\"PropertyValueSpecification\",\"valueRequired\":true,\"valueName\":\"search_term_string\"}}],\"inLanguage\":\"en-US\"},{\"@type\":\"Organization\",\"@id\":\"https:\\\/\\\/www.optivenue.com\\\/#organization\",\"name\":\"Optivenue - Dijital Performans Ajans\u0131\",\"url\":\"https:\\\/\\\/www.optivenue.com\\\/\",\"logo\":{\"@type\":\"ImageObject\",\"inLanguage\":\"en-US\",\"@id\":\"https:\\\/\\\/www.optivenue.com\\\/#\\\/schema\\\/logo\\\/image\\\/\",\"url\":\"https:\\\/\\\/www.optivenue.com\\\/wp-content\\\/uploads\\\/2024\\\/08\\\/optivenue-logo.svg\",\"contentUrl\":\"https:\\\/\\\/www.optivenue.com\\\/wp-content\\\/uploads\\\/2024\\\/08\\\/optivenue-logo.svg\",\"width\":183,\"height\":35,\"caption\":\"Optivenue - Dijital Performans Ajans\u0131\"},\"image\":{\"@id\":\"https:\\\/\\\/www.optivenue.com\\\/#\\\/schema\\\/logo\\\/image\\\/\"},\"sameAs\":[\"https:\\\/\\\/www.linkedin.com\\\/company\\\/optivenue\\\/\",\"https:\\\/\\\/www.instagram.com\\\/optivenue\\\/\"]}]}<\/script>\n<!-- \/ Yoast SEO plugin. -->","yoast_head_json":{"title":"Hemen Teklif Al\u0131n - Optivenue","robots":{"index":"index","follow":"follow","max-snippet":"max-snippet:-1","max-image-preview":"max-image-preview:large","max-video-preview":"max-video-preview:-1"},"canonical":"https:\/\/www.optivenue.com\/en\/hemen-teklif-alin\/","og_locale":"en_US","og_type":"article","og_title":"Hemen Teklif Al\u0131n - Optivenue","og_description":"Birlikte B\u00fcy\u00fcmek \u0130\u00e7in Hemen Teklif Al\u0131n Markan\u0131z \u0130\u00e7in En \u0130yi Teklifi Haz\u0131rlayal\u0131m!","og_url":"https:\/\/www.optivenue.com\/en\/hemen-teklif-alin\/","og_site_name":"Optivenue","article_modified_time":"2025-12-17T14:46:49+00:00","twitter_card":"summary_large_image","twitter_misc":{"Est. reading time":"1 minute"},"schema":{"@context":"https:\/\/schema.org","@graph":[{"@type":"WebPage","@id":"https:\/\/www.optivenue.com\/hemen-teklif-alin\/","url":"https:\/\/www.optivenue.com\/hemen-teklif-alin\/","name":"Hemen Teklif Al\u0131n - Optivenue","isPartOf":{"@id":"https:\/\/www.optivenue.com\/#website"},"datePublished":"2024-08-14T12:06:33+00:00","dateModified":"2025-12-17T14:46:49+00:00","breadcrumb":{"@id":"https:\/\/www.optivenue.com\/hemen-teklif-alin\/#breadcrumb"},"inLanguage":"en-US","potentialAction":[{"@type":"ReadAction","target":["https:\/\/www.optivenue.com\/hemen-teklif-alin\/"]}]},{"@type":"BreadcrumbList","@id":"https:\/\/www.optivenue.com\/hemen-teklif-alin\/#breadcrumb","itemListElement":[{"@type":"ListItem","position":1,"name":"Optivenue","item":"https:\/\/www.optivenue.com\/"},{"@type":"ListItem","position":2,"name":"Hemen Teklif Al\u0131n"}]},{"@type":"WebSite","@id":"https:\/\/www.optivenue.com\/#website","url":"https:\/\/www.optivenue.com\/","name":"Optivenue - Dijital Performans Ajans\u0131","description":"Dijital Performans Ajans\u0131","publisher":{"@id":"https:\/\/www.optivenue.com\/#organization"},"potentialAction":[{"@type":"SearchAction","target":{"@type":"EntryPoint","urlTemplate":"https:\/\/www.optivenue.com\/?s={search_term_string}"},"query-input":{"@type":"PropertyValueSpecification","valueRequired":true,"valueName":"search_term_string"}}],"inLanguage":"en-US"},{"@type":"Organization","@id":"https:\/\/www.optivenue.com\/#organization","name":"Optivenue - Dijital Performans Ajans\u0131","url":"https:\/\/www.optivenue.com\/","logo":{"@type":"ImageObject","inLanguage":"en-US","@id":"https:\/\/www.optivenue.com\/#\/schema\/logo\/image\/","url":"https:\/\/www.optivenue.com\/wp-content\/uploads\/2024\/08\/optivenue-logo.svg","contentUrl":"https:\/\/www.optivenue.com\/wp-content\/uploads\/2024\/08\/optivenue-logo.svg","width":183,"height":35,"caption":"Optivenue - Dijital Performans Ajans\u0131"},"image":{"@id":"https:\/\/www.optivenue.com\/#\/schema\/logo\/image\/"},"sameAs":["https:\/\/www.linkedin.com\/company\/optivenue\/","https:\/\/www.instagram.com\/optivenue\/"]}]}},"_links":{"self":[{"href":"https:\/\/www.optivenue.com\/en\/wp-json\/wp\/v2\/pages\/42","targetHints":{"allow":["GET"]}}],"collection":[{"href":"https:\/\/www.optivenue.com\/en\/wp-json\/wp\/v2\/pages"}],"about":[{"href":"https:\/\/www.optivenue.com\/en\/wp-json\/wp\/v2\/types\/page"}],"author":[{"embeddable":true,"href":"https:\/\/www.optivenue.com\/en\/wp-json\/wp\/v2\/users\/1"}],"replies":[{"embeddable":true,"href":"https:\/\/www.optivenue.com\/en\/wp-json\/wp\/v2\/comments?post=42"}],"version-history":[{"count":1,"href":"https:\/\/www.optivenue.com\/en\/wp-json\/wp\/v2\/pages\/42\/revisions"}],"predecessor-version":[{"id":1241,"href":"https:\/\/www.optivenue.com\/en\/wp-json\/wp\/v2\/pages\/42\/revisions\/1241"}],"wp:attachment":[{"href":"https:\/\/www.optivenue.com\/en\/wp-json\/wp\/v2\/media?parent=42"}],"curies":[{"name":"wp","href":"https:\/\/api.w.org\/{rel}","templated":true}]}}